{"id":2850,"date":"2023-04-09T12:36:39","date_gmt":"2023-04-09T10:36:39","guid":{"rendered":"https:\/\/kvantovaregresnaterapia.sk\/?post_type=product&#038;p=2850"},"modified":"2024-06-28T21:10:42","modified_gmt":"2024-06-28T19:10:42","slug":"lapac-s-muslickou","status":"publish","type":"product","link":"https:\/\/kvantovaregresnaterapia.sk\/index.php\/produkt\/lapac-s-muslickou\/","title":{"rendered":"Lapa\u010d s mu\u0161li\u010dkou"},"content":{"rendered":"<p>Jedine\u010dn\u00fd origin\u00e1lny k\u00fasok,\u00a0priemer 17 cm.<\/p>\n<span class=\"et_bloom_bottom_trigger\"><\/span>","protected":false},"excerpt":{"rendered":"<p>Jedine\u010dn\u00fd origin\u00e1lny k\u00fasok,\u00a0priemer 17 cm.<\/p>\n","protected":false},"featured_media":2851,"comment_status":"open","ping_status":"closed","template":"","meta":{"_et_pb_use_builder":"","_et_pb_old_content":"","_et_gb_content_width":"","_monsterinsights_skip_tracking":false,"_monsterinsights_sitenote_active":false,"_monsterinsights_sitenote_note":"","_monsterinsights_sitenote_category":0},"product_cat":[81],"product_tag":[101,109,108],"yoast_head":"<!-- This site is optimized with the Yoast SEO plugin v24.5 - https:\/\/yoast.com\/wordpress\/plugins\/seo\/ -->\n<title>Lapa\u010d s mu\u0161li\u010dkou - Kvantov\u00e1 regresn\u00e1 terapia<\/title>\n<meta name=\"description\" content=\"Lapa\u010d pre ochranu priestoru v origin\u00e1lnom vyhotoven\u00ed s mu\u0161li\u010dkou. Vhodn\u00fd aj ako dar\u010dek.\" \/>\n<meta name=\"robots\" content=\"index, follow, max-snippet:-1, max-image-preview:large, max-video-preview:-1\" \/>\n<link rel=\"canonical\" href=\"https:\/\/kvantovaregresnaterapia.sk\/index.php\/produkt\/lapac-s-muslickou\/\" \/>\n<meta property=\"og:locale\" content=\"sk_SK\" \/>\n<meta property=\"og:type\" content=\"article\" \/>\n<meta property=\"og:title\" content=\"Lapa\u010d s mu\u0161li\u010dkou - Kvantov\u00e1 regresn\u00e1 terapia\" \/>\n<meta property=\"og:description\" content=\"Lapa\u010d pre ochranu priestoru v origin\u00e1lnom vyhotoven\u00ed s mu\u0161li\u010dkou. Vhodn\u00fd aj ako dar\u010dek.\" \/>\n<meta property=\"og:url\" content=\"https:\/\/kvantovaregresnaterapia.sk\/index.php\/produkt\/lapac-s-muslickou\/\" \/>\n<meta property=\"og:site_name\" content=\"Kvantov\u00e1 regresn\u00e1 terapia\" \/>\n<meta property=\"article:publisher\" content=\"https:\/\/www.facebook.com\/kvantovaregresnaterapia\" \/>\n<meta property=\"article:modified_time\" content=\"2024-06-28T19:10:42+00:00\" \/>\n<meta property=\"og:image\" content=\"https:\/\/kvantovaregresnaterapia.sk\/wp-content\/uploads\/2023\/04\/lapac_s_muslickou_vyr_1556_57180193_1096190127239582_8683903580173762560_n-scaled.jpg\" \/>\n\t<meta property=\"og:image:width\" content=\"1920\" \/>\n\t<meta property=\"og:image:height\" content=\"2560\" \/>\n\t<meta property=\"og:image:type\" content=\"image\/jpeg\" \/>\n<meta name=\"twitter:card\" content=\"summary_large_image\" \/>\n<meta name=\"twitter:label1\" content=\"Predpokladan\u00fd \u010das \u010d\u00edtania\" \/>\n\t<meta name=\"twitter:data1\" content=\"1 min\u00fata\" \/>\n<script type=\"application\/ld+json\" class=\"yoast-schema-graph\">{\"@context\":\"https:\/\/schema.org\",\"@graph\":[{\"@type\":\"WebPage\",\"@id\":\"https:\/\/kvantovaregresnaterapia.sk\/index.php\/produkt\/lapac-s-muslickou\/\",\"url\":\"https:\/\/kvantovaregresnaterapia.sk\/index.php\/produkt\/lapac-s-muslickou\/\",\"name\":\"Lapa\u010d s mu\u0161li\u010dkou - Kvantov\u00e1 regresn\u00e1 terapia\",\"isPartOf\":{\"@id\":\"https:\/\/kvantovaregresnaterapia.sk\/#website\"},\"primaryImageOfPage\":{\"@id\":\"https:\/\/kvantovaregresnaterapia.sk\/index.php\/produkt\/lapac-s-muslickou\/#primaryimage\"},\"image\":{\"@id\":\"https:\/\/kvantovaregresnaterapia.sk\/index.php\/produkt\/lapac-s-muslickou\/#primaryimage\"},\"thumbnailUrl\":\"https:\/\/kvantovaregresnaterapia.sk\/wp-content\/uploads\/2023\/04\/lapac_s_muslickou_vyr_1556_57180193_1096190127239582_8683903580173762560_n-scaled.jpg\",\"datePublished\":\"2023-04-09T10:36:39+00:00\",\"dateModified\":\"2024-06-28T19:10:42+00:00\",\"description\":\"Lapa\u010d pre ochranu priestoru v origin\u00e1lnom vyhotoven\u00ed s mu\u0161li\u010dkou. Vhodn\u00fd aj ako dar\u010dek.\",\"breadcrumb\":{\"@id\":\"https:\/\/kvantovaregresnaterapia.sk\/index.php\/produkt\/lapac-s-muslickou\/#breadcrumb\"},\"inLanguage\":\"sk-SK\",\"potentialAction\":[{\"@type\":\"ReadAction\",\"target\":[\"https:\/\/kvantovaregresnaterapia.sk\/index.php\/produkt\/lapac-s-muslickou\/\"]}]},{\"@type\":\"ImageObject\",\"inLanguage\":\"sk-SK\",\"@id\":\"https:\/\/kvantovaregresnaterapia.sk\/index.php\/produkt\/lapac-s-muslickou\/#primaryimage\",\"url\":\"https:\/\/kvantovaregresnaterapia.sk\/wp-content\/uploads\/2023\/04\/lapac_s_muslickou_vyr_1556_57180193_1096190127239582_8683903580173762560_n-scaled.jpg\",\"contentUrl\":\"https:\/\/kvantovaregresnaterapia.sk\/wp-content\/uploads\/2023\/04\/lapac_s_muslickou_vyr_1556_57180193_1096190127239582_8683903580173762560_n-scaled.jpg\",\"width\":1920,\"height\":2560},{\"@type\":\"BreadcrumbList\",\"@id\":\"https:\/\/kvantovaregresnaterapia.sk\/index.php\/produkt\/lapac-s-muslickou\/#breadcrumb\",\"itemListElement\":[{\"@type\":\"ListItem\",\"position\":1,\"name\":\"Home\",\"item\":\"https:\/\/kvantovaregresnaterapia.sk\/\"},{\"@type\":\"ListItem\",\"position\":2,\"name\":\"Produkty\",\"item\":\"https:\/\/kvantovaregresnaterapia.sk\/index.php\/obchod\/\"},{\"@type\":\"ListItem\",\"position\":3,\"name\":\"Lapa\u010d s mu\u0161li\u010dkou\"}]},{\"@type\":\"WebSite\",\"@id\":\"https:\/\/kvantovaregresnaterapia.sk\/#website\",\"url\":\"https:\/\/kvantovaregresnaterapia.sk\/\",\"name\":\"Kvantov\u00e1 regresn\u00e1 terapia\",\"description\":\"Prin\u00e1\u0161am svetlo a l\u00e1sku\",\"publisher\":{\"@id\":\"https:\/\/kvantovaregresnaterapia.sk\/#organization\"},\"potentialAction\":[{\"@type\":\"SearchAction\",\"target\":{\"@type\":\"EntryPoint\",\"urlTemplate\":\"https:\/\/kvantovaregresnaterapia.sk\/?s={search_term_string}\"},\"query-input\":{\"@type\":\"PropertyValueSpecification\",\"valueRequired\":true,\"valueName\":\"search_term_string\"}}],\"inLanguage\":\"sk-SK\"},{\"@type\":\"Organization\",\"@id\":\"https:\/\/kvantovaregresnaterapia.sk\/#organization\",\"name\":\"Blanka Radim\u00e1kov\u00e1\",\"alternateName\":\"regresn\u00fd terapeut a hypnoterapeut\",\"url\":\"https:\/\/kvantovaregresnaterapia.sk\/\",\"logo\":{\"@type\":\"ImageObject\",\"inLanguage\":\"sk-SK\",\"@id\":\"https:\/\/kvantovaregresnaterapia.sk\/#\/schema\/logo\/image\/\",\"url\":\"\",\"contentUrl\":\"\",\"caption\":\"Blanka Radim\u00e1kov\u00e1\"},\"image\":{\"@id\":\"https:\/\/kvantovaregresnaterapia.sk\/#\/schema\/logo\/image\/\"},\"sameAs\":[\"https:\/\/www.facebook.com\/kvantovaregresnaterapia\",\"https:\/\/www.instagram.com\/kvantovaterapia\/\"]}]}<\/script>\n<!-- \/ Yoast SEO plugin. -->","yoast_head_json":{"title":"Lapa\u010d s mu\u0161li\u010dkou - Kvantov\u00e1 regresn\u00e1 terapia","description":"Lapa\u010d pre ochranu priestoru v origin\u00e1lnom vyhotoven\u00ed s mu\u0161li\u010dkou. Vhodn\u00fd aj ako dar\u010dek.","robots":{"index":"index","follow":"follow","max-snippet":"max-snippet:-1","max-image-preview":"max-image-preview:large","max-video-preview":"max-video-preview:-1"},"canonical":"https:\/\/kvantovaregresnaterapia.sk\/index.php\/produkt\/lapac-s-muslickou\/","og_locale":"sk_SK","og_type":"article","og_title":"Lapa\u010d s mu\u0161li\u010dkou - Kvantov\u00e1 regresn\u00e1 terapia","og_description":"Lapa\u010d pre ochranu priestoru v origin\u00e1lnom vyhotoven\u00ed s mu\u0161li\u010dkou. Vhodn\u00fd aj ako dar\u010dek.","og_url":"https:\/\/kvantovaregresnaterapia.sk\/index.php\/produkt\/lapac-s-muslickou\/","og_site_name":"Kvantov\u00e1 regresn\u00e1 terapia","article_publisher":"https:\/\/www.facebook.com\/kvantovaregresnaterapia","article_modified_time":"2024-06-28T19:10:42+00:00","og_image":[{"width":1920,"height":2560,"url":"https:\/\/kvantovaregresnaterapia.sk\/wp-content\/uploads\/2023\/04\/lapac_s_muslickou_vyr_1556_57180193_1096190127239582_8683903580173762560_n-scaled.jpg","type":"image\/jpeg"}],"twitter_card":"summary_large_image","twitter_misc":{"Predpokladan\u00fd \u010das \u010d\u00edtania":"1 min\u00fata"},"schema":{"@context":"https:\/\/schema.org","@graph":[{"@type":"WebPage","@id":"https:\/\/kvantovaregresnaterapia.sk\/index.php\/produkt\/lapac-s-muslickou\/","url":"https:\/\/kvantovaregresnaterapia.sk\/index.php\/produkt\/lapac-s-muslickou\/","name":"Lapa\u010d s mu\u0161li\u010dkou - Kvantov\u00e1 regresn\u00e1 terapia","isPartOf":{"@id":"https:\/\/kvantovaregresnaterapia.sk\/#website"},"primaryImageOfPage":{"@id":"https:\/\/kvantovaregresnaterapia.sk\/index.php\/produkt\/lapac-s-muslickou\/#primaryimage"},"image":{"@id":"https:\/\/kvantovaregresnaterapia.sk\/index.php\/produkt\/lapac-s-muslickou\/#primaryimage"},"thumbnailUrl":"https:\/\/kvantovaregresnaterapia.sk\/wp-content\/uploads\/2023\/04\/lapac_s_muslickou_vyr_1556_57180193_1096190127239582_8683903580173762560_n-scaled.jpg","datePublished":"2023-04-09T10:36:39+00:00","dateModified":"2024-06-28T19:10:42+00:00","description":"Lapa\u010d pre ochranu priestoru v origin\u00e1lnom vyhotoven\u00ed s mu\u0161li\u010dkou. Vhodn\u00fd aj ako dar\u010dek.","breadcrumb":{"@id":"https:\/\/kvantovaregresnaterapia.sk\/index.php\/produkt\/lapac-s-muslickou\/#breadcrumb"},"inLanguage":"sk-SK","potentialAction":[{"@type":"ReadAction","target":["https:\/\/kvantovaregresnaterapia.sk\/index.php\/produkt\/lapac-s-muslickou\/"]}]},{"@type":"ImageObject","inLanguage":"sk-SK","@id":"https:\/\/kvantovaregresnaterapia.sk\/index.php\/produkt\/lapac-s-muslickou\/#primaryimage","url":"https:\/\/kvantovaregresnaterapia.sk\/wp-content\/uploads\/2023\/04\/lapac_s_muslickou_vyr_1556_57180193_1096190127239582_8683903580173762560_n-scaled.jpg","contentUrl":"https:\/\/kvantovaregresnaterapia.sk\/wp-content\/uploads\/2023\/04\/lapac_s_muslickou_vyr_1556_57180193_1096190127239582_8683903580173762560_n-scaled.jpg","width":1920,"height":2560},{"@type":"BreadcrumbList","@id":"https:\/\/kvantovaregresnaterapia.sk\/index.php\/produkt\/lapac-s-muslickou\/#breadcrumb","itemListElement":[{"@type":"ListItem","position":1,"name":"Home","item":"https:\/\/kvantovaregresnaterapia.sk\/"},{"@type":"ListItem","position":2,"name":"Produkty","item":"https:\/\/kvantovaregresnaterapia.sk\/index.php\/obchod\/"},{"@type":"ListItem","position":3,"name":"Lapa\u010d s mu\u0161li\u010dkou"}]},{"@type":"WebSite","@id":"https:\/\/kvantovaregresnaterapia.sk\/#website","url":"https:\/\/kvantovaregresnaterapia.sk\/","name":"Kvantov\u00e1 regresn\u00e1 terapia","description":"Prin\u00e1\u0161am svetlo a l\u00e1sku","publisher":{"@id":"https:\/\/kvantovaregresnaterapia.sk\/#organization"},"potentialAction":[{"@type":"SearchAction","target":{"@type":"EntryPoint","urlTemplate":"https:\/\/kvantovaregresnaterapia.sk\/?s={search_term_string}"},"query-input":{"@type":"PropertyValueSpecification","valueRequired":true,"valueName":"search_term_string"}}],"inLanguage":"sk-SK"},{"@type":"Organization","@id":"https:\/\/kvantovaregresnaterapia.sk\/#organization","name":"Blanka Radim\u00e1kov\u00e1","alternateName":"regresn\u00fd terapeut a hypnoterapeut","url":"https:\/\/kvantovaregresnaterapia.sk\/","logo":{"@type":"ImageObject","inLanguage":"sk-SK","@id":"https:\/\/kvantovaregresnaterapia.sk\/#\/schema\/logo\/image\/","url":"","contentUrl":"","caption":"Blanka Radim\u00e1kov\u00e1"},"image":{"@id":"https:\/\/kvantovaregresnaterapia.sk\/#\/schema\/logo\/image\/"},"sameAs":["https:\/\/www.facebook.com\/kvantovaregresnaterapia","https:\/\/www.instagram.com\/kvantovaterapia\/"]}]}},"_links":{"self":[{"href":"https:\/\/kvantovaregresnaterapia.sk\/index.php\/wp-json\/wp\/v3\/product\/2850"}],"collection":[{"href":"https:\/\/kvantovaregresnaterapia.sk\/index.php\/wp-json\/wp\/v3\/product"}],"about":[{"href":"https:\/\/kvantovaregresnaterapia.sk\/index.php\/wp-json\/wp\/v2\/types\/product"}],"replies":[{"embeddable":true,"href":"https:\/\/kvantovaregresnaterapia.sk\/index.php\/wp-json\/wp\/v2\/comments?post=2850"}],"wp:featuredmedia":[{"embeddable":true,"href":"https:\/\/kvantovaregresnaterapia.sk\/index.php\/wp-json\/wp\/v2\/media\/2851"}],"wp:attachment":[{"href":"https:\/\/kvantovaregresnaterapia.sk\/index.php\/wp-json\/wp\/v2\/media?parent=2850"}],"wp:term":[{"taxonomy":"product_cat","embeddable":true,"href":"https:\/\/kvantovaregresnaterapia.sk\/index.php\/wp-json\/wp\/v2\/product_cat?post=2850"},{"taxonomy":"product_tag","embeddable":true,"href":"https:\/\/kvantovaregresnaterapia.sk\/index.php\/wp-json\/wp\/v2\/product_tag?post=2850"}],"curies":[{"name":"wp","href":"https:\/\/api.w.org\/{rel}","templated":true}]}}