{"id":2848,"date":"2023-04-09T12:28:04","date_gmt":"2023-04-09T10:28:04","guid":{"rendered":"https:\/\/kvantovaregresnaterapia.sk\/?post_type=product&#038;p=2848"},"modified":"2023-04-09T12:30:28","modified_gmt":"2023-04-09T10:30:28","slug":"amulet-na-ochranu-domu","status":"publish","type":"product","link":"https:\/\/kvantovaregresnaterapia.sk\/index.php\/produkt\/amulet-na-ochranu-domu\/","title":{"rendered":"Amulet na ochranu domu"},"content":{"rendered":"<p>Amulet na ochranu domu v dar\u010dekovom balen\u00ed<\/p>\n<p>Z jednej strany usmievav\u00e1 tv\u00e1r a na druhej strane zamyslen\u00e1.<\/p>\n<p>V dvoch farb\u00e1ch &#8211; modr\u00e1 \u010diapka a oran\u017eov\u00e1.<\/p>\n<span class=\"et_bloom_bottom_trigger\"><\/span>","protected":false},"excerpt":{"rendered":"<p>Amulet na ochranu domu v dar\u010dekovom balen\u00ed Z jednej strany usmievav\u00e1 tv\u00e1r a na druhej strane zamyslen\u00e1. V dvoch farb\u00e1ch &#8211; modr\u00e1 \u010diapka a oran\u017eov\u00e1.<\/p>\n","protected":false},"featured_media":2849,"comment_status":"open","ping_status":"closed","template":"","meta":{"_et_pb_use_builder":"","_et_pb_old_content":"","_et_gb_content_width":"","_monsterinsights_skip_tracking":false,"_monsterinsights_sitenote_active":false,"_monsterinsights_sitenote_note":"","_monsterinsights_sitenote_category":0},"product_cat":[88,81],"product_tag":[100,101,108],"yoast_head":"<!-- This site is optimized with the Yoast SEO plugin v24.5 - https:\/\/yoast.com\/wordpress\/plugins\/seo\/ -->\n<title>Amulet na ochranu domu - Kvantov\u00e1 regresn\u00e1 terapia<\/title>\n<meta name=\"robots\" content=\"index, follow, max-snippet:-1, max-image-preview:large, max-video-preview:-1\" \/>\n<link rel=\"canonical\" href=\"https:\/\/kvantovaregresnaterapia.sk\/index.php\/produkt\/amulet-na-ochranu-domu\/\" \/>\n<meta property=\"og:locale\" content=\"sk_SK\" \/>\n<meta property=\"og:type\" content=\"article\" \/>\n<meta property=\"og:title\" content=\"Amulet na ochranu domu - Kvantov\u00e1 regresn\u00e1 terapia\" \/>\n<meta property=\"og:description\" content=\"Amulet na ochranu domu v dar\u010dekovom balen\u00ed Z jednej strany usmievav\u00e1 tv\u00e1r a na druhej strane zamyslen\u00e1. V dvoch farb\u00e1ch &#8211; modr\u00e1 \u010diapka a oran\u017eov\u00e1.\" \/>\n<meta property=\"og:url\" content=\"https:\/\/kvantovaregresnaterapia.sk\/index.php\/produkt\/amulet-na-ochranu-domu\/\" \/>\n<meta property=\"og:site_name\" content=\"Kvantov\u00e1 regresn\u00e1 terapia\" \/>\n<meta property=\"article:publisher\" content=\"https:\/\/www.facebook.com\/kvantovaregresnaterapia\" \/>\n<meta property=\"article:modified_time\" content=\"2023-04-09T10:30:28+00:00\" \/>\n<meta property=\"og:image\" content=\"https:\/\/kvantovaregresnaterapia.sk\/wp-content\/uploads\/2023\/04\/amulet_na_ochranu_domu_vyr_2043_Maska1-0.jpg\" \/>\n\t<meta property=\"og:image:width\" content=\"1536\" \/>\n\t<meta property=\"og:image:height\" content=\"2048\" \/>\n\t<meta property=\"og:image:type\" content=\"image\/jpeg\" \/>\n<meta name=\"twitter:card\" content=\"summary_large_image\" \/>\n<meta name=\"twitter:label1\" content=\"Predpokladan\u00fd \u010das \u010d\u00edtania\" \/>\n\t<meta name=\"twitter:data1\" content=\"1 min\u00fata\" \/>\n<script type=\"application\/ld+json\" class=\"yoast-schema-graph\">{\"@context\":\"https:\/\/schema.org\",\"@graph\":[{\"@type\":\"WebPage\",\"@id\":\"https:\/\/kvantovaregresnaterapia.sk\/index.php\/produkt\/amulet-na-ochranu-domu\/\",\"url\":\"https:\/\/kvantovaregresnaterapia.sk\/index.php\/produkt\/amulet-na-ochranu-domu\/\",\"name\":\"Amulet na ochranu domu - Kvantov\u00e1 regresn\u00e1 terapia\",\"isPartOf\":{\"@id\":\"https:\/\/kvantovaregresnaterapia.sk\/#website\"},\"primaryImageOfPage\":{\"@id\":\"https:\/\/kvantovaregresnaterapia.sk\/index.php\/produkt\/amulet-na-ochranu-domu\/#primaryimage\"},\"image\":{\"@id\":\"https:\/\/kvantovaregresnaterapia.sk\/index.php\/produkt\/amulet-na-ochranu-domu\/#primaryimage\"},\"thumbnailUrl\":\"https:\/\/kvantovaregresnaterapia.sk\/wp-content\/uploads\/2023\/04\/amulet_na_ochranu_domu_vyr_2043_Maska1-0.jpg\",\"datePublished\":\"2023-04-09T10:28:04+00:00\",\"dateModified\":\"2023-04-09T10:30:28+00:00\",\"breadcrumb\":{\"@id\":\"https:\/\/kvantovaregresnaterapia.sk\/index.php\/produkt\/amulet-na-ochranu-domu\/#breadcrumb\"},\"inLanguage\":\"sk-SK\",\"potentialAction\":[{\"@type\":\"ReadAction\",\"target\":[\"https:\/\/kvantovaregresnaterapia.sk\/index.php\/produkt\/amulet-na-ochranu-domu\/\"]}]},{\"@type\":\"ImageObject\",\"inLanguage\":\"sk-SK\",\"@id\":\"https:\/\/kvantovaregresnaterapia.sk\/index.php\/produkt\/amulet-na-ochranu-domu\/#primaryimage\",\"url\":\"https:\/\/kvantovaregresnaterapia.sk\/wp-content\/uploads\/2023\/04\/amulet_na_ochranu_domu_vyr_2043_Maska1-0.jpg\",\"contentUrl\":\"https:\/\/kvantovaregresnaterapia.sk\/wp-content\/uploads\/2023\/04\/amulet_na_ochranu_domu_vyr_2043_Maska1-0.jpg\",\"width\":1536,\"height\":2048},{\"@type\":\"BreadcrumbList\",\"@id\":\"https:\/\/kvantovaregresnaterapia.sk\/index.php\/produkt\/amulet-na-ochranu-domu\/#breadcrumb\",\"itemListElement\":[{\"@type\":\"ListItem\",\"position\":1,\"name\":\"Home\",\"item\":\"https:\/\/kvantovaregresnaterapia.sk\/\"},{\"@type\":\"ListItem\",\"position\":2,\"name\":\"Produkty\",\"item\":\"https:\/\/kvantovaregresnaterapia.sk\/index.php\/obchod\/\"},{\"@type\":\"ListItem\",\"position\":3,\"name\":\"Amulet na ochranu domu\"}]},{\"@type\":\"WebSite\",\"@id\":\"https:\/\/kvantovaregresnaterapia.sk\/#website\",\"url\":\"https:\/\/kvantovaregresnaterapia.sk\/\",\"name\":\"Kvantov\u00e1 regresn\u00e1 terapia\",\"description\":\"Prin\u00e1\u0161am svetlo a l\u00e1sku\",\"publisher\":{\"@id\":\"https:\/\/kvantovaregresnaterapia.sk\/#organization\"},\"potentialAction\":[{\"@type\":\"SearchAction\",\"target\":{\"@type\":\"EntryPoint\",\"urlTemplate\":\"https:\/\/kvantovaregresnaterapia.sk\/?s={search_term_string}\"},\"query-input\":{\"@type\":\"PropertyValueSpecification\",\"valueRequired\":true,\"valueName\":\"search_term_string\"}}],\"inLanguage\":\"sk-SK\"},{\"@type\":\"Organization\",\"@id\":\"https:\/\/kvantovaregresnaterapia.sk\/#organization\",\"name\":\"Blanka Radim\u00e1kov\u00e1\",\"alternateName\":\"regresn\u00fd terapeut a hypnoterapeut\",\"url\":\"https:\/\/kvantovaregresnaterapia.sk\/\",\"logo\":{\"@type\":\"ImageObject\",\"inLanguage\":\"sk-SK\",\"@id\":\"https:\/\/kvantovaregresnaterapia.sk\/#\/schema\/logo\/image\/\",\"url\":\"\",\"contentUrl\":\"\",\"caption\":\"Blanka Radim\u00e1kov\u00e1\"},\"image\":{\"@id\":\"https:\/\/kvantovaregresnaterapia.sk\/#\/schema\/logo\/image\/\"},\"sameAs\":[\"https:\/\/www.facebook.com\/kvantovaregresnaterapia\",\"https:\/\/www.instagram.com\/kvantovaterapia\/\"]}]}<\/script>\n<!-- \/ Yoast SEO plugin. -->","yoast_head_json":{"title":"Amulet na ochranu domu - Kvantov\u00e1 regresn\u00e1 terapia","robots":{"index":"index","follow":"follow","max-snippet":"max-snippet:-1","max-image-preview":"max-image-preview:large","max-video-preview":"max-video-preview:-1"},"canonical":"https:\/\/kvantovaregresnaterapia.sk\/index.php\/produkt\/amulet-na-ochranu-domu\/","og_locale":"sk_SK","og_type":"article","og_title":"Amulet na ochranu domu - Kvantov\u00e1 regresn\u00e1 terapia","og_description":"Amulet na ochranu domu v dar\u010dekovom balen\u00ed Z jednej strany usmievav\u00e1 tv\u00e1r a na druhej strane zamyslen\u00e1. V dvoch farb\u00e1ch &#8211; modr\u00e1 \u010diapka a oran\u017eov\u00e1.","og_url":"https:\/\/kvantovaregresnaterapia.sk\/index.php\/produkt\/amulet-na-ochranu-domu\/","og_site_name":"Kvantov\u00e1 regresn\u00e1 terapia","article_publisher":"https:\/\/www.facebook.com\/kvantovaregresnaterapia","article_modified_time":"2023-04-09T10:30:28+00:00","og_image":[{"width":1536,"height":2048,"url":"https:\/\/kvantovaregresnaterapia.sk\/wp-content\/uploads\/2023\/04\/amulet_na_ochranu_domu_vyr_2043_Maska1-0.jpg","type":"image\/jpeg"}],"twitter_card":"summary_large_image","twitter_misc":{"Predpokladan\u00fd \u010das \u010d\u00edtania":"1 min\u00fata"},"schema":{"@context":"https:\/\/schema.org","@graph":[{"@type":"WebPage","@id":"https:\/\/kvantovaregresnaterapia.sk\/index.php\/produkt\/amulet-na-ochranu-domu\/","url":"https:\/\/kvantovaregresnaterapia.sk\/index.php\/produkt\/amulet-na-ochranu-domu\/","name":"Amulet na ochranu domu - Kvantov\u00e1 regresn\u00e1 terapia","isPartOf":{"@id":"https:\/\/kvantovaregresnaterapia.sk\/#website"},"primaryImageOfPage":{"@id":"https:\/\/kvantovaregresnaterapia.sk\/index.php\/produkt\/amulet-na-ochranu-domu\/#primaryimage"},"image":{"@id":"https:\/\/kvantovaregresnaterapia.sk\/index.php\/produkt\/amulet-na-ochranu-domu\/#primaryimage"},"thumbnailUrl":"https:\/\/kvantovaregresnaterapia.sk\/wp-content\/uploads\/2023\/04\/amulet_na_ochranu_domu_vyr_2043_Maska1-0.jpg","datePublished":"2023-04-09T10:28:04+00:00","dateModified":"2023-04-09T10:30:28+00:00","breadcrumb":{"@id":"https:\/\/kvantovaregresnaterapia.sk\/index.php\/produkt\/amulet-na-ochranu-domu\/#breadcrumb"},"inLanguage":"sk-SK","potentialAction":[{"@type":"ReadAction","target":["https:\/\/kvantovaregresnaterapia.sk\/index.php\/produkt\/amulet-na-ochranu-domu\/"]}]},{"@type":"ImageObject","inLanguage":"sk-SK","@id":"https:\/\/kvantovaregresnaterapia.sk\/index.php\/produkt\/amulet-na-ochranu-domu\/#primaryimage","url":"https:\/\/kvantovaregresnaterapia.sk\/wp-content\/uploads\/2023\/04\/amulet_na_ochranu_domu_vyr_2043_Maska1-0.jpg","contentUrl":"https:\/\/kvantovaregresnaterapia.sk\/wp-content\/uploads\/2023\/04\/amulet_na_ochranu_domu_vyr_2043_Maska1-0.jpg","width":1536,"height":2048},{"@type":"BreadcrumbList","@id":"https:\/\/kvantovaregresnaterapia.sk\/index.php\/produkt\/amulet-na-ochranu-domu\/#breadcrumb","itemListElement":[{"@type":"ListItem","position":1,"name":"Home","item":"https:\/\/kvantovaregresnaterapia.sk\/"},{"@type":"ListItem","position":2,"name":"Produkty","item":"https:\/\/kvantovaregresnaterapia.sk\/index.php\/obchod\/"},{"@type":"ListItem","position":3,"name":"Amulet na ochranu domu"}]},{"@type":"WebSite","@id":"https:\/\/kvantovaregresnaterapia.sk\/#website","url":"https:\/\/kvantovaregresnaterapia.sk\/","name":"Kvantov\u00e1 regresn\u00e1 terapia","description":"Prin\u00e1\u0161am svetlo a l\u00e1sku","publisher":{"@id":"https:\/\/kvantovaregresnaterapia.sk\/#organization"},"potentialAction":[{"@type":"SearchAction","target":{"@type":"EntryPoint","urlTemplate":"https:\/\/kvantovaregresnaterapia.sk\/?s={search_term_string}"},"query-input":{"@type":"PropertyValueSpecification","valueRequired":true,"valueName":"search_term_string"}}],"inLanguage":"sk-SK"},{"@type":"Organization","@id":"https:\/\/kvantovaregresnaterapia.sk\/#organization","name":"Blanka Radim\u00e1kov\u00e1","alternateName":"regresn\u00fd terapeut a hypnoterapeut","url":"https:\/\/kvantovaregresnaterapia.sk\/","logo":{"@type":"ImageObject","inLanguage":"sk-SK","@id":"https:\/\/kvantovaregresnaterapia.sk\/#\/schema\/logo\/image\/","url":"","contentUrl":"","caption":"Blanka Radim\u00e1kov\u00e1"},"image":{"@id":"https:\/\/kvantovaregresnaterapia.sk\/#\/schema\/logo\/image\/"},"sameAs":["https:\/\/www.facebook.com\/kvantovaregresnaterapia","https:\/\/www.instagram.com\/kvantovaterapia\/"]}]}},"_links":{"self":[{"href":"https:\/\/kvantovaregresnaterapia.sk\/index.php\/wp-json\/wp\/v3\/product\/2848"}],"collection":[{"href":"https:\/\/kvantovaregresnaterapia.sk\/index.php\/wp-json\/wp\/v3\/product"}],"about":[{"href":"https:\/\/kvantovaregresnaterapia.sk\/index.php\/wp-json\/wp\/v2\/types\/product"}],"replies":[{"embeddable":true,"href":"https:\/\/kvantovaregresnaterapia.sk\/index.php\/wp-json\/wp\/v2\/comments?post=2848"}],"wp:featuredmedia":[{"embeddable":true,"href":"https:\/\/kvantovaregresnaterapia.sk\/index.php\/wp-json\/wp\/v2\/media\/2849"}],"wp:attachment":[{"href":"https:\/\/kvantovaregresnaterapia.sk\/index.php\/wp-json\/wp\/v2\/media?parent=2848"}],"wp:term":[{"taxonomy":"product_cat","embeddable":true,"href":"https:\/\/kvantovaregresnaterapia.sk\/index.php\/wp-json\/wp\/v2\/product_cat?post=2848"},{"taxonomy":"product_tag","embeddable":true,"href":"https:\/\/kvantovaregresnaterapia.sk\/index.php\/wp-json\/wp\/v2\/product_tag?post=2848"}],"curies":[{"name":"wp","href":"https:\/\/api.w.org\/{rel}","templated":true}]}}