{"id":2934,"date":"2023-11-21T08:33:02","date_gmt":"2023-11-21T07:33:02","guid":{"rendered":"https:\/\/kvantovaregresnaterapia.sk\/?page_id=2934"},"modified":"2023-11-21T21:05:58","modified_gmt":"2023-11-21T20:05:58","slug":"autori","status":"publish","type":"page","link":"https:\/\/kvantovaregresnaterapia.sk\/index.php\/autori\/","title":{"rendered":"Autori"},"content":{"rendered":"<p>[et_pb_section fb_built=&#8220;1&#8243; _builder_version=&#8220;4.23.1&#8243; _module_preset=&#8220;default&#8220; hover_enabled=&#8220;0&#8243; global_colors_info=&#8220;{}&#8220; sticky_enabled=&#8220;0&#8243;][et_pb_row column_structure=&#8220;1_3,1_3,1_3&#8243; _builder_version=&#8220;4.23.1&#8243; _module_preset=&#8220;default&#8220; hover_enabled=&#8220;0&#8243; global_colors_info=&#8220;{}&#8220; sticky_enabled=&#8220;0&#8243;][et_pb_column type=&#8220;1_3&#8243; _builder_version=&#8220;4.23.1&#8243; _module_preset=&#8220;default&#8220; global_colors_info=&#8220;{}&#8220;][et_pb_blurb title=&#8220;Brian L. Weiss&#8220; image=&#8220;https:\/\/kvantovaregresnaterapia.sk\/wp-content\/uploads\/2023\/11\/Brian-L.-Weiss.png&#8220; module_id=&#8220;Autori&#8220; _builder_version=&#8220;4.23.1&#8243; _module_preset=&#8220;default&#8220; header_font=&#8220;Yeseva One||||||||&#8220; global_colors_info=&#8220;{}&#8220;]<\/p>\n<p>Brian Leslie Weiss je americk\u00fd psychiater, hypnoterapeut a autor, ktor\u00fd sa \u0161pecializuje na regresiu do minul\u00fdch \u017eivotov.<\/p>\n<p>[\/et_pb_blurb][\/et_pb_column][et_pb_column type=&#8220;1_3&#8243; _builder_version=&#8220;4.23.1&#8243; _module_preset=&#8220;default&#8220; global_colors_info=&#8220;{}&#8220;][et_pb_blurb title=&#8220;Jan Becker&#8220; image=&#8220;https:\/\/kvantovaregresnaterapia.sk\/wp-content\/uploads\/2023\/11\/Jan-Becker.png&#8220; _builder_version=&#8220;4.23.1&#8243; _module_preset=&#8220;default&#8220; global_colors_info=&#8220;{}&#8220;]<\/p>\n<p>Jan Becker\u00a0 je najzn\u00e1mej\u0161\u00ed a naj\u00faspe\u0161nej\u0161\u00ed hypnotiz\u00e9r a tr\u00e9ner hypn\u00f3zy v Nemecku a autor mnoh\u00fdch bestsellerov. Dlh\u00e9 roky pracoval na tr\u00e9ningov\u00fdch met\u00f3dach, ktor\u00e9 umo\u017e\u0148uj\u00fa rozv\u00edja\u0165 r\u00f4zne schopnosti \u013eudskej mysle a uplat\u0148ova\u0165 ich v s\u00fakromnom a profesion\u00e1lnom \u017eivote.<\/p>\n<p>[\/et_pb_blurb][\/et_pb_column][et_pb_column type=&#8220;1_3&#8243; _builder_version=&#8220;4.23.1&#8243; _module_preset=&#8220;default&#8220; global_colors_info=&#8220;{}&#8220;][et_pb_blurb title=&#8220;Andrej Dragomireck\u00fd&#8220; image=&#8220;https:\/\/kvantovaregresnaterapia.sk\/wp-content\/uploads\/2023\/11\/andrej-dragomireckij.png&#8220; _builder_version=&#8220;4.23.1&#8243; _module_preset=&#8220;default&#8220; hover_enabled=&#8220;0&#8243; global_colors_info=&#8220;{}&#8220; sticky_enabled=&#8220;0&#8243;]<\/p>\n<p><span>Andrej Dragomireck\u00fd, terapeut, odborn\u00edk na hlbinn\u00fa abreakt\u00edvnu psychoterapiu<\/span><span>. Je autorom u\u010debn\u00edc tejto novej, \u00fa\u010dinnej psychologickej met\u00f3dy ako s\u00fa Psychoterapie I a II, Teorie osobnosti, Hlubinn\u00e1 abreaktivn\u00ed psychoterapie a dal\u0161\u00ed.\u00a0<\/span><\/p>\n<p>[\/et_pb_blurb][\/et_pb_column][\/et_pb_row][et_pb_row column_structure=&#8220;1_3,1_3,1_3&#8243; _builder_version=&#8220;4.23.1&#8243; _module_preset=&#8220;default&#8220; global_colors_info=&#8220;{}&#8220;][et_pb_column type=&#8220;1_3&#8243; _builder_version=&#8220;4.23.1&#8243; _module_preset=&#8220;default&#8220; global_colors_info=&#8220;{}&#8220;][et_pb_blurb title=&#8220;Friedbert Becker&#8220; image=&#8220;https:\/\/kvantovaregresnaterapia.sk\/wp-content\/uploads\/2023\/11\/Friedbert-Becker.png&#8220; module_id=&#8220;Autori&#8220; _builder_version=&#8220;4.23.1&#8243; _module_preset=&#8220;default&#8220; header_font=&#8220;Yeseva One||||||||&#8220; global_colors_info=&#8220;{}&#8220;]<\/p>\n<p>Friedbert Becker, in\u0161truktor na Hypnose Institute Phoenix. Jeho knihy, in\u0161trukt\u00e1\u017ene filmy a nahr\u00e1vky o hypn\u00f3ze, ment\u00e1lnom tr\u00e9ningu, reinkarna\u010dnej terapii, pr\u00e1ci s energiou a \u0161amansk\u00fdch vedomostiach ukazuj\u00fa v\u00fdsledky jeho 30-ro\u010dnej profesion\u00e1lnej sk\u00fasenosti ako tr\u00e9nera hypn\u00f3zy a ment\u00e1lneho tr\u00e9ningu. Od roku 2002 \u017eije a pracuje v Braz\u00edlii a Uruguaji.<\/p>\n<p>[\/et_pb_blurb][\/et_pb_column][et_pb_column type=&#8220;1_3&#8243; _builder_version=&#8220;4.23.1&#8243; _module_preset=&#8220;default&#8220; global_colors_info=&#8220;{}&#8220;][et_pb_blurb title=&#8220;Sandra Anne Taylorov\u00e1&#8220; image=&#8220;https:\/\/kvantovaregresnaterapia.sk\/wp-content\/uploads\/2023\/11\/Sandra-Anne-Taylor.png&#8220; _builder_version=&#8220;4.23.1&#8243; _module_preset=&#8220;default&#8220; global_colors_info=&#8220;{}&#8220;]<\/p>\n<p>Sandra Anne Taylorov\u00e1 je medzin\u00e1rodn\u00e1 re\u010dn\u00ed\u010dka, poradky\u0148a a konzultantka, ktor\u00e1 predn\u00e1\u0161a po celom svete o sile ve\u010dn\u00e9ho vedomia, osobnej energii a Ak\u00e1\u0161ick\u00fdch z\u00e1znamoch.\u00a0Viac ako 25 rokov p\u00f4sobila ako poradky\u0148a v s\u00fakromnej psychologickej praxi, pracovala s jednotlivcami a p\u00e1rmi pri lie\u010dbe \u00fazkosti, depresie, z\u00e1vislosti a vz\u0165ahov\u00fdch probl\u00e9mov.<\/p>\n<p>[\/et_pb_blurb][\/et_pb_column][et_pb_column type=&#8220;1_3&#8243; _builder_version=&#8220;4.23.1&#8243; _module_preset=&#8220;default&#8220; global_colors_info=&#8220;{}&#8220;][et_pb_blurb title=&#8220;Valerie Austin&#8220; image=&#8220;https:\/\/kvantovaregresnaterapia.sk\/wp-content\/uploads\/2023\/11\/Valerie-Austin.png&#8220; _builder_version=&#8220;4.23.1&#8243; _module_preset=&#8220;default&#8220; global_colors_info=&#8220;{}&#8220;]<\/p>\n<p>Valerie Austin je anglick\u00e1 hypnoterapeutka, tr\u00e9nerka, lektorka, autorka a novin\u00e1rka. Absolvovala kurz hypnoterapie a vybudovala si viac ako 30-ro\u010dn\u00fa kari\u00e9ru. Bola prvou celebritnou hypnoterapeutkou vo Ve\u013ekej Brit\u00e1nii, ktor\u00e1 prekonala mnoho r\u00f4znych z\u00e1vislost\u00ed, f\u00f3bi\u00ed, obsesi\u00ed a zlozvykov. Je autorkou nieko\u013ek\u00fdch techn\u00edk.<\/p>\n<p>[\/et_pb_blurb][\/et_pb_column][\/et_pb_row][et_pb_row column_structure=&#8220;1_3,1_3,1_3&#8243; _builder_version=&#8220;4.23.1&#8243; _module_preset=&#8220;default&#8220; global_colors_info=&#8220;{}&#8220;][et_pb_column type=&#8220;1_3&#8243; _builder_version=&#8220;4.23.1&#8243; _module_preset=&#8220;default&#8220; global_colors_info=&#8220;{}&#8220;][et_pb_blurb title=&#8220;PhDr. Ji\u0159\u00ed Z\u00edka&#8220; image=&#8220;https:\/\/kvantovaregresnaterapia.sk\/wp-content\/uploads\/2023\/11\/Jiri-Zika.png&#8220; _builder_version=&#8220;4.23.1&#8243; _module_preset=&#8220;default&#8220; global_colors_info=&#8220;{}&#8220;]<\/p>\n<p>Vy\u0161tudoval odborn\u00fa psychol\u00f3giu v Brne a n\u00e1sledne pracoval ako klinick\u00fd psychol\u00f3g. Pom\u00e1hal kandid\u00e1tom do Poslaneckej snemovne a Sen\u00e1tu a pracoval aj ako hlavn\u00fd psychol\u00f3g \u010deskoslovenskej atletickej reprezent\u00e1cie. Nesk\u00f4r sa za\u010dal zauj\u00edma\u0165 o hypn\u00f3zu, stal sa v nej uzn\u00e1van\u00fdm odborn\u00edkom.<\/p>\n<p>[\/et_pb_blurb][\/et_pb_column][et_pb_column type=&#8220;1_3&#8243; _builder_version=&#8220;4.23.1&#8243; _module_preset=&#8220;default&#8220; global_colors_info=&#8220;{}&#8220;][et_pb_blurb title=&#8220;PhDr. Marta Fou\u010dkov\u00e1&#8220; image=&#8220;https:\/\/kvantovaregresnaterapia.sk\/wp-content\/uploads\/2023\/11\/Marta-Fouckova.jpg&#8220; image_icon_width=&#8220;71%&#8220; _builder_version=&#8220;4.23.1&#8243; _module_preset=&#8220;default&#8220; global_colors_info=&#8220;{}&#8220;]<\/p>\n<p>\u010cesk\u00e1 psychologi\u010dka, b\u00fdval\u00e1 vysoko\u0161kolsk\u00e1 u\u010dite\u013eka, regresn\u00e1 terapeutka, spisovate\u013eka duchovnej literat\u00fary a autorka dvoch kn\u00edh. Pon\u00faka nov\u00fd sp\u00f4sob myslenia, ktor\u00fdm mo\u017eno zmierni\u0165 \u013eudsk\u00e9 utrpenie a pochopi\u0165 zmysel \u017eivota. Met\u00f3da, ktor\u00fa vyvinula a ktor\u00fa naz\u00fdva H\u013abkov\u00e1 terapia, jej umo\u017enila odhali\u0165 mnoh\u00e9 z\u00e1kony hlbok\u00e9ho nevedomia.<\/p>\n<p>[\/et_pb_blurb][\/et_pb_column][et_pb_column type=&#8220;1_3&#8243; _builder_version=&#8220;4.23.1&#8243; _module_preset=&#8220;default&#8220; global_colors_info=&#8220;{}&#8220;][et_pb_blurb title=&#8220;Ervin L\u00e1szl\u00f3&#8220; image=&#8220;https:\/\/kvantovaregresnaterapia.sk\/wp-content\/uploads\/2023\/11\/3.png&#8220; module_id=&#8220;Autori&#8220; _builder_version=&#8220;4.23.1&#8243; _module_preset=&#8220;default&#8220; header_font=&#8220;Yeseva One||||||||&#8220; global_colors_info=&#8220;{}&#8220;]<\/p>\n<p>Ervin L\u00e1szl\u00f3, dvakr\u00e1t nominovan\u00fd na Nobelovu cenu za mier, je redaktorom medzin\u00e1rodn\u00e9ho \u010dasopisu World Futures: a kandid\u00e1tom na rektora novozalo\u017eenej univerzity GlobalShift. Je zakladate\u013eom a prezidentom medzin\u00e1rodn\u00fdch think tankov Budape\u0161tiansky klub a V\u00fdskumn\u00e1 skupina v\u0161eobecnej evol\u00facie a autorom 83 kn\u00edh prelo\u017een\u00fdch do 21 jazykov. \u017dije v Taliansku.<\/p>\n<p>[\/et_pb_blurb][\/et_pb_column][\/et_pb_row][\/et_pb_section]<\/p>\n<span class=\"et_bloom_bottom_trigger\"><\/span>","protected":false},"excerpt":{"rendered":"<p>Brian Leslie Weiss je americk\u00fd psychiater, hypnoterapeut a autor, ktor\u00fd sa \u0161pecializuje na regresiu do minul\u00fdch \u017eivotov.Jan Becker\u00a0 je najzn\u00e1mej\u0161\u00ed a naj\u00faspe\u0161nej\u0161\u00ed hypnotiz\u00e9r a tr\u00e9ner hypn\u00f3zy v Nemecku a autor mnoh\u00fdch bestsellerov. Dlh\u00e9 roky pracoval na tr\u00e9ningov\u00fdch met\u00f3dach, ktor\u00e9 umo\u017e\u0148uj\u00fa rozv\u00edja\u0165 r\u00f4zne schopnosti \u013eudskej mysle a uplat\u0148ova\u0165 ich v s\u00fakromnom a profesion\u00e1lnom \u017eivote.Andrej Dragomireck\u00fd, terapeut, [&hellip;]<\/p>\n","protected":false},"author":2,"featured_media":0,"parent":0,"menu_order":0,"comment_status":"closed","ping_status":"closed","template":"","meta":{"_et_pb_use_builder":"on","_et_pb_old_content":"","_et_gb_content_width":"","_monsterinsights_skip_tracking":false,"_monsterinsights_sitenote_active":false,"_monsterinsights_sitenote_note":"","_monsterinsights_sitenote_category":0,"footnotes":""},"yoast_head":"<!-- This site is optimized with the Yoast SEO plugin v24.5 - https:\/\/yoast.com\/wordpress\/plugins\/seo\/ -->\n<title>Autori - Kvantov\u00e1 regresn\u00e1 terapia<\/title>\n<meta name=\"robots\" content=\"index, follow, max-snippet:-1, max-image-preview:large, max-video-preview:-1\" \/>\n<link rel=\"canonical\" href=\"https:\/\/kvantovaregresnaterapia.sk\/index.php\/autori\/\" \/>\n<meta property=\"og:locale\" content=\"sk_SK\" \/>\n<meta property=\"og:type\" content=\"article\" \/>\n<meta property=\"og:title\" content=\"Autori - Kvantov\u00e1 regresn\u00e1 terapia\" \/>\n<meta property=\"og:description\" content=\"Brian Leslie Weiss je americk\u00fd psychiater, hypnoterapeut a autor, ktor\u00fd sa \u0161pecializuje na regresiu do minul\u00fdch \u017eivotov.Jan Becker\u00a0 je najzn\u00e1mej\u0161\u00ed a naj\u00faspe\u0161nej\u0161\u00ed hypnotiz\u00e9r a tr\u00e9ner hypn\u00f3zy v Nemecku a autor mnoh\u00fdch bestsellerov. Dlh\u00e9 roky pracoval na tr\u00e9ningov\u00fdch met\u00f3dach, ktor\u00e9 umo\u017e\u0148uj\u00fa rozv\u00edja\u0165 r\u00f4zne schopnosti \u013eudskej mysle a uplat\u0148ova\u0165 ich v s\u00fakromnom a profesion\u00e1lnom \u017eivote.Andrej Dragomireck\u00fd, terapeut, [&hellip;]\" \/>\n<meta property=\"og:url\" content=\"https:\/\/kvantovaregresnaterapia.sk\/index.php\/autori\/\" \/>\n<meta property=\"og:site_name\" content=\"Kvantov\u00e1 regresn\u00e1 terapia\" \/>\n<meta property=\"article:publisher\" content=\"https:\/\/www.facebook.com\/kvantovaregresnaterapia\" \/>\n<meta property=\"article:modified_time\" content=\"2023-11-21T20:05:58+00:00\" \/>\n<meta property=\"og:image\" content=\"https:\/\/kvantovaregresnaterapia.sk\/wp-content\/uploads\/2022\/12\/format_pozadie_FB.jpg\" \/>\n\t<meta property=\"og:image:width\" content=\"1640\" \/>\n\t<meta property=\"og:image:height\" content=\"924\" \/>\n\t<meta property=\"og:image:type\" content=\"image\/jpeg\" \/>\n<meta name=\"twitter:card\" content=\"summary_large_image\" \/>\n<script type=\"application\/ld+json\" class=\"yoast-schema-graph\">{\"@context\":\"https:\/\/schema.org\",\"@graph\":[{\"@type\":\"WebPage\",\"@id\":\"https:\/\/kvantovaregresnaterapia.sk\/index.php\/autori\/\",\"url\":\"https:\/\/kvantovaregresnaterapia.sk\/index.php\/autori\/\",\"name\":\"Autori - Kvantov\u00e1 regresn\u00e1 terapia\",\"isPartOf\":{\"@id\":\"https:\/\/kvantovaregresnaterapia.sk\/#website\"},\"datePublished\":\"2023-11-21T07:33:02+00:00\",\"dateModified\":\"2023-11-21T20:05:58+00:00\",\"breadcrumb\":{\"@id\":\"https:\/\/kvantovaregresnaterapia.sk\/index.php\/autori\/#breadcrumb\"},\"inLanguage\":\"sk-SK\",\"potentialAction\":[{\"@type\":\"ReadAction\",\"target\":[\"https:\/\/kvantovaregresnaterapia.sk\/index.php\/autori\/\"]}]},{\"@type\":\"BreadcrumbList\",\"@id\":\"https:\/\/kvantovaregresnaterapia.sk\/index.php\/autori\/#breadcrumb\",\"itemListElement\":[{\"@type\":\"ListItem\",\"position\":1,\"name\":\"Home\",\"item\":\"https:\/\/kvantovaregresnaterapia.sk\/\"},{\"@type\":\"ListItem\",\"position\":2,\"name\":\"Autori\"}]},{\"@type\":\"WebSite\",\"@id\":\"https:\/\/kvantovaregresnaterapia.sk\/#website\",\"url\":\"https:\/\/kvantovaregresnaterapia.sk\/\",\"name\":\"Kvantov\u00e1 regresn\u00e1 terapia\",\"description\":\"Prin\u00e1\u0161am svetlo a l\u00e1sku\",\"publisher\":{\"@id\":\"https:\/\/kvantovaregresnaterapia.sk\/#organization\"},\"potentialAction\":[{\"@type\":\"SearchAction\",\"target\":{\"@type\":\"EntryPoint\",\"urlTemplate\":\"https:\/\/kvantovaregresnaterapia.sk\/?s={search_term_string}\"},\"query-input\":{\"@type\":\"PropertyValueSpecification\",\"valueRequired\":true,\"valueName\":\"search_term_string\"}}],\"inLanguage\":\"sk-SK\"},{\"@type\":\"Organization\",\"@id\":\"https:\/\/kvantovaregresnaterapia.sk\/#organization\",\"name\":\"Blanka Radim\u00e1kov\u00e1\",\"alternateName\":\"regresn\u00fd terapeut a hypnoterapeut\",\"url\":\"https:\/\/kvantovaregresnaterapia.sk\/\",\"logo\":{\"@type\":\"ImageObject\",\"inLanguage\":\"sk-SK\",\"@id\":\"https:\/\/kvantovaregresnaterapia.sk\/#\/schema\/logo\/image\/\",\"url\":\"\",\"contentUrl\":\"\",\"caption\":\"Blanka Radim\u00e1kov\u00e1\"},\"image\":{\"@id\":\"https:\/\/kvantovaregresnaterapia.sk\/#\/schema\/logo\/image\/\"},\"sameAs\":[\"https:\/\/www.facebook.com\/kvantovaregresnaterapia\",\"https:\/\/www.instagram.com\/kvantovaterapia\/\"]}]}<\/script>\n<!-- \/ Yoast SEO plugin. -->","yoast_head_json":{"title":"Autori - Kvantov\u00e1 regresn\u00e1 terapia","robots":{"index":"index","follow":"follow","max-snippet":"max-snippet:-1","max-image-preview":"max-image-preview:large","max-video-preview":"max-video-preview:-1"},"canonical":"https:\/\/kvantovaregresnaterapia.sk\/index.php\/autori\/","og_locale":"sk_SK","og_type":"article","og_title":"Autori - Kvantov\u00e1 regresn\u00e1 terapia","og_description":"Brian Leslie Weiss je americk\u00fd psychiater, hypnoterapeut a autor, ktor\u00fd sa \u0161pecializuje na regresiu do minul\u00fdch \u017eivotov.Jan Becker\u00a0 je najzn\u00e1mej\u0161\u00ed a naj\u00faspe\u0161nej\u0161\u00ed hypnotiz\u00e9r a tr\u00e9ner hypn\u00f3zy v Nemecku a autor mnoh\u00fdch bestsellerov. Dlh\u00e9 roky pracoval na tr\u00e9ningov\u00fdch met\u00f3dach, ktor\u00e9 umo\u017e\u0148uj\u00fa rozv\u00edja\u0165 r\u00f4zne schopnosti \u013eudskej mysle a uplat\u0148ova\u0165 ich v s\u00fakromnom a profesion\u00e1lnom \u017eivote.Andrej Dragomireck\u00fd, terapeut, [&hellip;]","og_url":"https:\/\/kvantovaregresnaterapia.sk\/index.php\/autori\/","og_site_name":"Kvantov\u00e1 regresn\u00e1 terapia","article_publisher":"https:\/\/www.facebook.com\/kvantovaregresnaterapia","article_modified_time":"2023-11-21T20:05:58+00:00","og_image":[{"width":1640,"height":924,"url":"https:\/\/kvantovaregresnaterapia.sk\/wp-content\/uploads\/2022\/12\/format_pozadie_FB.jpg","type":"image\/jpeg"}],"twitter_card":"summary_large_image","schema":{"@context":"https:\/\/schema.org","@graph":[{"@type":"WebPage","@id":"https:\/\/kvantovaregresnaterapia.sk\/index.php\/autori\/","url":"https:\/\/kvantovaregresnaterapia.sk\/index.php\/autori\/","name":"Autori - Kvantov\u00e1 regresn\u00e1 terapia","isPartOf":{"@id":"https:\/\/kvantovaregresnaterapia.sk\/#website"},"datePublished":"2023-11-21T07:33:02+00:00","dateModified":"2023-11-21T20:05:58+00:00","breadcrumb":{"@id":"https:\/\/kvantovaregresnaterapia.sk\/index.php\/autori\/#breadcrumb"},"inLanguage":"sk-SK","potentialAction":[{"@type":"ReadAction","target":["https:\/\/kvantovaregresnaterapia.sk\/index.php\/autori\/"]}]},{"@type":"BreadcrumbList","@id":"https:\/\/kvantovaregresnaterapia.sk\/index.php\/autori\/#breadcrumb","itemListElement":[{"@type":"ListItem","position":1,"name":"Home","item":"https:\/\/kvantovaregresnaterapia.sk\/"},{"@type":"ListItem","position":2,"name":"Autori"}]},{"@type":"WebSite","@id":"https:\/\/kvantovaregresnaterapia.sk\/#website","url":"https:\/\/kvantovaregresnaterapia.sk\/","name":"Kvantov\u00e1 regresn\u00e1 terapia","description":"Prin\u00e1\u0161am svetlo a l\u00e1sku","publisher":{"@id":"https:\/\/kvantovaregresnaterapia.sk\/#organization"},"potentialAction":[{"@type":"SearchAction","target":{"@type":"EntryPoint","urlTemplate":"https:\/\/kvantovaregresnaterapia.sk\/?s={search_term_string}"},"query-input":{"@type":"PropertyValueSpecification","valueRequired":true,"valueName":"search_term_string"}}],"inLanguage":"sk-SK"},{"@type":"Organization","@id":"https:\/\/kvantovaregresnaterapia.sk\/#organization","name":"Blanka Radim\u00e1kov\u00e1","alternateName":"regresn\u00fd terapeut a hypnoterapeut","url":"https:\/\/kvantovaregresnaterapia.sk\/","logo":{"@type":"ImageObject","inLanguage":"sk-SK","@id":"https:\/\/kvantovaregresnaterapia.sk\/#\/schema\/logo\/image\/","url":"","contentUrl":"","caption":"Blanka Radim\u00e1kov\u00e1"},"image":{"@id":"https:\/\/kvantovaregresnaterapia.sk\/#\/schema\/logo\/image\/"},"sameAs":["https:\/\/www.facebook.com\/kvantovaregresnaterapia","https:\/\/www.instagram.com\/kvantovaterapia\/"]}]}},"_links":{"self":[{"href":"https:\/\/kvantovaregresnaterapia.sk\/index.php\/wp-json\/wp\/v2\/pages\/2934"}],"collection":[{"href":"https:\/\/kvantovaregresnaterapia.sk\/index.php\/wp-json\/wp\/v2\/pages"}],"about":[{"href":"https:\/\/kvantovaregresnaterapia.sk\/index.php\/wp-json\/wp\/v2\/types\/page"}],"author":[{"embeddable":true,"href":"https:\/\/kvantovaregresnaterapia.sk\/index.php\/wp-json\/wp\/v2\/users\/2"}],"replies":[{"embeddable":true,"href":"https:\/\/kvantovaregresnaterapia.sk\/index.php\/wp-json\/wp\/v2\/comments?post=2934"}],"version-history":[{"count":6,"href":"https:\/\/kvantovaregresnaterapia.sk\/index.php\/wp-json\/wp\/v2\/pages\/2934\/revisions"}],"predecessor-version":[{"id":2967,"href":"https:\/\/kvantovaregresnaterapia.sk\/index.php\/wp-json\/wp\/v2\/pages\/2934\/revisions\/2967"}],"wp:attachment":[{"href":"https:\/\/kvantovaregresnaterapia.sk\/index.php\/wp-json\/wp\/v2\/media?parent=2934"}],"curies":[{"name":"wp","href":"https:\/\/api.w.org\/{rel}","templated":true}]}}