{"id":1901,"date":"2022-12-18T15:04:59","date_gmt":"2022-12-18T14:04:59","guid":{"rendered":"https:\/\/kvantovaregresnaterapia.sk\/?page_id=1901"},"modified":"2024-05-15T13:24:02","modified_gmt":"2024-05-15T11:24:02","slug":"zasvatenie-do-sambaly","status":"publish","type":"page","link":"https:\/\/kvantovaregresnaterapia.sk\/index.php\/zasvatenie-do-sambaly\/","title":{"rendered":"Zasv\u00e4tenie do Shambally"},"content":{"rendered":"<p>[et_pb_section fb_built=&#8220;1&#8243; _builder_version=&#8220;4.19.4&#8243; _module_preset=&#8220;default&#8220; background_image=&#8220;https:\/\/kvantovaregresnaterapia.sk\/wp-content\/uploads\/2022\/12\/1-4.jpg&#8220; parallax=&#8220;on&#8220; custom_margin=&#8220;0px||||false|false&#8220; custom_padding=&#8220;0px||70px||false|false&#8220; top_divider_style=&#8220;arrow3&#8243; top_divider_color=&#8220;rgba(255,255,255,0.3)&#8220; top_divider_height=&#8220;100%&#8220; top_divider_repeat=&#8220;2x&#8220; top_divider_arrangement=&#8220;above_content&#8220; bottom_divider_style=&#8220;none&#8220; bottom_divider_color=&#8220;RGBA(0,0,0,0.25)&#8220; bottom_divider_height=&#8220;500px&#8220; global_colors_info=&#8220;{}&#8220;][et_pb_row _builder_version=&#8220;4.19.2&#8243; _module_preset=&#8220;default&#8220; global_colors_info=&#8220;{}&#8220;][et_pb_column type=&#8220;4_4&#8243; _builder_version=&#8220;4.18.0&#8243; _module_preset=&#8220;default&#8220; global_colors_info=&#8220;{}&#8220;][et_pb_text _builder_version=&#8220;4.19.4&#8243; _module_preset=&#8220;default&#8220; text_font=&#8220;Yeseva One||||||||&#8220; text_text_color=&#8220;#111147&#8243; text_font_size=&#8220;50px&#8220; text_letter_spacing=&#8220;2px&#8220; text_line_height=&#8220;2em&#8220; text_orientation=&#8220;center&#8220; custom_margin=&#8220;180px||100px||false|false&#8220; global_colors_info=&#8220;{}&#8220;]<\/p>\n<p>ZASV\u00c4TENIE DO SHAMBALLY<\/p>\n<p>[\/et_pb_text][\/et_pb_column][\/et_pb_row][\/et_pb_section][et_pb_section fb_built=&#8220;1&#8243; admin_label=&#8220;About Us&#8220; _builder_version=&#8220;4.19.2&#8243; _module_preset=&#8220;default&#8220; use_background_color_gradient=&#8220;on&#8220; background_color_gradient_stops=&#8220;#ffffff 0%|#ffffff 75%&#8220; background_image=&#8220;https:\/\/kvantovaregresnaterapia.sk\/wp-content\/uploads\/2022\/11\/3-2-scaled.jpg&#8220; custom_padding=&#8220;40px|0px|40px|0px|true|false&#8220; locked=&#8220;off&#8220; global_colors_info=&#8220;{}&#8220;][et_pb_row column_structure=&#8220;1_4,3_4&#8243; _builder_version=&#8220;4.19.4&#8243; _module_preset=&#8220;default&#8220; custom_margin=&#8220;30px||||false|false&#8220; custom_padding=&#8220;0px|20px||15px|false|false&#8220; global_colors_info=&#8220;{}&#8220;][et_pb_column type=&#8220;1_4&#8243; _builder_version=&#8220;4.18.0&#8243; _module_preset=&#8220;default&#8220; global_colors_info=&#8220;{}&#8220;][et_pb_image src=&#8220;https:\/\/kvantovaregresnaterapia.sk\/wp-content\/uploads\/2022\/12\/123.jpg&#8220; title_text=&#8220;123&#8243; _builder_version=&#8220;4.19.4&#8243; _module_preset=&#8220;default&#8220; custom_margin=&#8220;10px||||false|false&#8220; global_colors_info=&#8220;{}&#8220;][\/et_pb_image][\/et_pb_column][et_pb_column type=&#8220;3_4&#8243; _builder_version=&#8220;4.18.0&#8243; _module_preset=&#8220;default&#8220; global_colors_info=&#8220;{}&#8220;][et_pb_text _builder_version=&#8220;4.19.4&#8243; _module_preset=&#8220;default&#8220; text_font=&#8220;Karla||||||||&#8220; text_font_size=&#8220;16px&#8220; text_line_height=&#8220;1.4em&#8220; text_orientation=&#8220;justified&#8220; custom_margin=&#8220;||||false|false&#8220; custom_padding=&#8220;0px|10px||14px|false|false&#8220; global_colors_info=&#8220;{}&#8220;]<\/p>\n<header class=\"entry-header\" aria-label=\"Content\"><span>Shamballa je pomenovanie druhu energie (podobne ako Reiky). Ide o ove\u013ea silnej\u0161iu energiu aktu\u00e1lnu pre vzostup do 5D, ktor\u00e1 n\u00e1m bola spr\u00edstupnen\u00e1, bytos\u0165ami svetla ako lie\u010debn\u00fd syst\u00e9m z duchovn\u00e9ho mesta Shamballa. Energetick\u00fd syst\u00e9m sa sklad\u00e1 zo symbolov, ktor\u00e9 sa prostredn\u00edctvom biopo\u013ea odovzd\u00e1vaj\u00faceho pren\u00e1\u0161aj\u00fa do biopo\u013ea prij\u00edmaj\u00faceho. <\/span><\/p>\n<p><span>Shamballa bola odovzdan\u00e1 z vy\u0161\u0161ieho vedomia, vibruje na vy\u0161\u0161om vibra\u010dnom spektre 4D a 5D (pod\u013ea va\u0161ej aktu\u00e1lnej potreby). So Shamballou teda mo\u017eno lie\u010di\u0165 skoro v\u0161etky choroby, ktor\u00e9 s\u00fa v 3D pova\u017eovan\u00e9 za nevylie\u010dite\u013en\u00e9 (AIDS, rakovina, z\u00e1vislosti, alergie, po\u0161kodenie org\u00e1nov a in\u00e9). Cel\u00fd proces lie\u010denia riadi vy\u0161\u0161ie JA a Sveteln\u00e9 bytosti .<\/span><\/p>\n<p><span>Energia Shambally je ve\u013emi silnou lie\u010divou a transforma\u010dnou energiou, ktor\u00e1 uvo\u013e\u0148uje bloky na v\u0161etk\u00fdch \u00farovniach, zlep\u0161uje zdravie, rozv\u00edja osobnos\u0165 a duchovn\u00e9 vedomie. Pom\u00f4\u017ee v\u00e1m prevzia\u0165 zodpovednos\u0165 za svoj \u017eivot, odp\u00fata\u0165 sa od minulosti a prekona\u0165 alebo zrealizova\u0165 \u010doko\u013evek si len prajete. S jej pomocou m\u00f4\u017eete vyrie\u0161i\u0165 zdravotn\u00e9 aj psychick\u00e9 probl\u00e9my. Oslobodzuje od emocion\u00e1lnych v\u00e4zieb, star\u00fdch vzorcov myslenia i spr\u00e1vania a intenz\u00edvne napom\u00e1ha rozp\u00fa\u0161\u0165a\u0165 karmu.<\/span><\/p>\n<\/header>\n<p>[\/et_pb_text][\/et_pb_column][\/et_pb_row][et_pb_row column_structure=&#8220;1_4,1_2,1_4&#8243; _builder_version=&#8220;4.19.4&#8243; _module_preset=&#8220;default&#8220; custom_margin=&#8220;0px||31px||false|false&#8220; custom_padding=&#8220;15px|0px|15px||true|false&#8220; global_colors_info=&#8220;{}&#8220;][et_pb_column type=&#8220;1_4&#8243; _builder_version=&#8220;4.19.4&#8243; _module_preset=&#8220;default&#8220; custom_padding=&#8220;|||&#8220; global_colors_info=&#8220;{}&#8220; custom_padding__hover=&#8220;|||&#8220;][\/et_pb_column][et_pb_column type=&#8220;1_2&#8243; _builder_version=&#8220;4.19.4&#8243; _module_preset=&#8220;default&#8220; custom_padding=&#8220;|||&#8220; global_colors_info=&#8220;{}&#8220; custom_padding__hover=&#8220;|||&#8220;][\/et_pb_column][et_pb_column type=&#8220;1_4&#8243; _builder_version=&#8220;4.19.4&#8243; _module_preset=&#8220;default&#8220; custom_padding=&#8220;|||&#8220; global_colors_info=&#8220;{}&#8220; custom_padding__hover=&#8220;|||&#8220;][et_pb_text _builder_version=&#8220;4.19.4&#8243; _module_preset=&#8220;default&#8220; text_font=&#8220;Karla|800||on|||||&#8220; text_text_color=&#8220;#111147&#8243; text_font_size=&#8220;13px&#8220; text_letter_spacing=&#8220;1px&#8220; text_orientation=&#8220;center&#8220; custom_padding=&#8220;7px|30px|7px|30px|true|true&#8220; border_radii=&#8220;on|3px|3px|3px|3px&#8220; border_width_all=&#8220;2px&#8220; border_color_all=&#8220;#111147&#8243; box_shadow_style=&#8220;preset2&#8243; global_colors_info=&#8220;{}&#8220;]<\/p>\n<p>Cena dobrovo\u013en\u00e1<\/p>\n<p>[\/et_pb_text][\/et_pb_column][\/et_pb_row][\/et_pb_section][et_pb_section fb_built=&#8220;1&#8243; admin_label=&#8220;Footer&#8220; _builder_version=&#8220;4.19.4&#8243; _module_preset=&#8220;default&#8220; background_enable_color=&#8220;off&#8220; use_background_color_gradient=&#8220;on&#8220; background_color_gradient_direction=&#8220;284deg&#8220; background_color_gradient_stops=&#8220;#111147 0%|rgba(91, 91, 128, 0.69) 53%|rgba(255,255,255,0) 100%&#8220; background_enable_image=&#8220;off&#8220; background_position=&#8220;bottom_center&#8220; custom_padding=&#8220;0vw||0vw||true|false&#8220; locked=&#8220;off&#8220; global_colors_info=&#8220;{}&#8220; theme_builder_area=&#8220;post_content&#8220;][et_pb_row column_structure=&#8220;2_5,3_5&#8243; module_id=&#8220;dohodnutie_terminu&#8220; _builder_version=&#8220;4.25.1&#8243; _module_preset=&#8220;default&#8220; global_colors_info=&#8220;{}&#8220; theme_builder_area=&#8220;post_content&#8220;][et_pb_column type=&#8220;2_5&#8243; _builder_version=&#8220;4.25.1&#8243; _module_preset=&#8220;default&#8220; global_colors_info=&#8220;{}&#8220; theme_builder_area=&#8220;post_content&#8220;][et_pb_image src=&#8220;https:\/\/kvantovaregresnaterapia.sk\/wp-content\/uploads\/2024\/05\/5-2-scaled.jpg&#8220; title_text=&#8220;5 (2)&#8220; align=&#8220;center&#8220; _builder_version=&#8220;4.25.1&#8243; _module_preset=&#8220;default&#8220; height=&#8220;506px&#8220; custom_margin=&#8220;|||-65px|false|false&#8220; custom_margin_tablet=&#8220;|||-65px|false|false&#8220; custom_margin_phone=&#8220;|||0px|false|false&#8220; custom_margin_last_edited=&#8220;on|phone&#8220; global_colors_info=&#8220;{}&#8220; theme_builder_area=&#8220;post_content&#8220;][\/et_pb_image][\/et_pb_column][et_pb_column type=&#8220;3_5&#8243; _builder_version=&#8220;4.25.1&#8243; _module_preset=&#8220;default&#8220; global_colors_info=&#8220;{}&#8220; theme_builder_area=&#8220;post_content&#8220;][et_pb_text _builder_version=&#8220;4.25.1&#8243; _module_preset=&#8220;default&#8220; text_font=&#8220;|700|||||||&#8220; text_text_color=&#8220;#111147&#8243; text_font_size=&#8220;25px&#8220; text_line_height=&#8220;1.4em&#8220; text_orientation=&#8220;center&#8220; custom_margin=&#8220;|||-110px|false|false&#8220; custom_margin_tablet=&#8220;|||-110px|false|false&#8220; custom_margin_phone=&#8220;|||0px|false|false&#8220; custom_margin_last_edited=&#8220;on|phone&#8220; custom_padding=&#8220;35px||20px|0px|false|false&#8220; global_colors_info=&#8220;{}&#8220; theme_builder_area=&#8220;post_content&#8220;]<\/p>\n<p>Pre dohodnutie term\u00ednu mi, pros\u00edm, zavolajte na<\/p>\n<p>[\/et_pb_text][et_pb_text _builder_version=&#8220;4.25.1&#8243; _module_preset=&#8220;default&#8220; text_font=&#8220;|700|||||||&#8220; text_text_color=&#8220;#111147&#8243; text_font_size=&#8220;30px&#8220; text_letter_spacing=&#8220;1px&#8220; text_line_height=&#8220;1.6em&#8220; text_orientation=&#8220;center&#8220; custom_margin=&#8220;|||-110px|false|false&#8220; custom_margin_tablet=&#8220;|||-110px|false|false&#8220; custom_margin_phone=&#8220;|||0px|false|false&#8220; custom_margin_last_edited=&#8220;on|desktop&#8220; global_colors_info=&#8220;{}&#8220; theme_builder_area=&#8220;post_content&#8220;]<\/p>\n<p>+421 911 993 937<\/p>\n<p>[\/et_pb_text][et_pb_text _builder_version=&#8220;4.25.1&#8243; _module_preset=&#8220;default&#8220; text_font=&#8220;|700|||||||&#8220; text_text_color=&#8220;#111147&#8243; text_font_size=&#8220;25px&#8220; text_line_height=&#8220;1.4em&#8220; text_orientation=&#8220;center&#8220; custom_margin=&#8220;||0px|-110px|false|false&#8220; custom_margin_tablet=&#8220;||0px|-110px|false|false&#8220; custom_margin_phone=&#8220;|||0px|false|false&#8220; custom_margin_last_edited=&#8220;on|desktop&#8220; custom_padding=&#8220;20px|40px|0px|25px|false|false&#8220; global_colors_info=&#8220;{}&#8220; theme_builder_area=&#8220;post_content&#8220;]<\/p>\n<p>Ak nezdvihnem, venujem sa in\u00e9mu klientovi a zavol\u00e1m V\u00e1m nasp\u00e4\u0165. Uv\u00edtam, ak mi nap\u00ed\u0161ete kr\u00e1tku spr\u00e1vu (SMS) o tom, \u010do m\u00f4\u017eem pre V\u00e1s spravi\u0165.<\/p>\n<p>\u010eakujem.<\/p>\n<p>Te\u0161\u00edm sa na stretnutie s Vami.<\/p>\n<p>S l\u00e1skou, Blanka<\/p>\n<p>[\/et_pb_text][\/et_pb_column][\/et_pb_row][\/et_pb_section]<\/p>\n<span class=\"et_bloom_bottom_trigger\"><\/span>","protected":false},"excerpt":{"rendered":"<p>ZASV\u00c4TENIE DO SHAMBALLYShamballa je pomenovanie druhu energie (podobne ako Reiky). Ide o ove\u013ea silnej\u0161iu energiu aktu\u00e1lnu pre vzostup do 5D, ktor\u00e1 n\u00e1m bola spr\u00edstupnen\u00e1, bytos\u0165ami svetla ako lie\u010debn\u00fd syst\u00e9m z duchovn\u00e9ho mesta Shamballa. Energetick\u00fd syst\u00e9m sa sklad\u00e1 zo symbolov, ktor\u00e9 sa prostredn\u00edctvom biopo\u013ea odovzd\u00e1vaj\u00faceho pren\u00e1\u0161aj\u00fa do biopo\u013ea prij\u00edmaj\u00faceho. Shamballa bola odovzdan\u00e1 z vy\u0161\u0161ieho vedomia, vibruje [&hellip;]<\/p>\n","protected":false},"author":2,"featured_media":0,"parent":0,"menu_order":0,"comment_status":"closed","ping_status":"closed","template":"","meta":{"_et_pb_use_builder":"on","_et_pb_old_content":"","_et_gb_content_width":"","_monsterinsights_skip_tracking":false,"_monsterinsights_sitenote_active":false,"_monsterinsights_sitenote_note":"","_monsterinsights_sitenote_category":0,"footnotes":""},"yoast_head":"<!-- This site is optimized with the Yoast SEO plugin v24.5 - https:\/\/yoast.com\/wordpress\/plugins\/seo\/ -->\n<title>Zasv\u00e4tenie do Shambally - Kvantov\u00e1 regresn\u00e1 terapia<\/title>\n<meta name=\"robots\" content=\"index, follow, max-snippet:-1, max-image-preview:large, max-video-preview:-1\" \/>\n<link rel=\"canonical\" href=\"https:\/\/kvantovaregresnaterapia.sk\/index.php\/zasvatenie-do-sambaly\/\" \/>\n<meta property=\"og:locale\" content=\"sk_SK\" \/>\n<meta property=\"og:type\" content=\"article\" \/>\n<meta property=\"og:title\" content=\"Zasv\u00e4tenie do Shambally - Kvantov\u00e1 regresn\u00e1 terapia\" \/>\n<meta property=\"og:description\" content=\"ZASV\u00c4TENIE DO SHAMBALLYShamballa je pomenovanie druhu energie (podobne ako Reiky). Ide o ove\u013ea silnej\u0161iu energiu aktu\u00e1lnu pre vzostup do 5D, ktor\u00e1 n\u00e1m bola spr\u00edstupnen\u00e1, bytos\u0165ami svetla ako lie\u010debn\u00fd syst\u00e9m z duchovn\u00e9ho mesta Shamballa. Energetick\u00fd syst\u00e9m sa sklad\u00e1 zo symbolov, ktor\u00e9 sa prostredn\u00edctvom biopo\u013ea odovzd\u00e1vaj\u00faceho pren\u00e1\u0161aj\u00fa do biopo\u013ea prij\u00edmaj\u00faceho. Shamballa bola odovzdan\u00e1 z vy\u0161\u0161ieho vedomia, vibruje [&hellip;]\" \/>\n<meta property=\"og:url\" content=\"https:\/\/kvantovaregresnaterapia.sk\/index.php\/zasvatenie-do-sambaly\/\" \/>\n<meta property=\"og:site_name\" content=\"Kvantov\u00e1 regresn\u00e1 terapia\" \/>\n<meta property=\"article:publisher\" content=\"https:\/\/www.facebook.com\/kvantovaregresnaterapia\" \/>\n<meta property=\"article:modified_time\" content=\"2024-05-15T11:24:02+00:00\" \/>\n<meta property=\"og:image\" content=\"https:\/\/kvantovaregresnaterapia.sk\/wp-content\/uploads\/2022\/12\/format_pozadie_FB.jpg\" \/>\n\t<meta property=\"og:image:width\" content=\"1640\" \/>\n\t<meta property=\"og:image:height\" content=\"924\" \/>\n\t<meta property=\"og:image:type\" content=\"image\/jpeg\" \/>\n<meta name=\"twitter:card\" content=\"summary_large_image\" \/>\n<script type=\"application\/ld+json\" class=\"yoast-schema-graph\">{\"@context\":\"https:\/\/schema.org\",\"@graph\":[{\"@type\":\"WebPage\",\"@id\":\"https:\/\/kvantovaregresnaterapia.sk\/index.php\/zasvatenie-do-sambaly\/\",\"url\":\"https:\/\/kvantovaregresnaterapia.sk\/index.php\/zasvatenie-do-sambaly\/\",\"name\":\"Zasv\u00e4tenie do Shambally - Kvantov\u00e1 regresn\u00e1 terapia\",\"isPartOf\":{\"@id\":\"https:\/\/kvantovaregresnaterapia.sk\/#website\"},\"datePublished\":\"2022-12-18T14:04:59+00:00\",\"dateModified\":\"2024-05-15T11:24:02+00:00\",\"breadcrumb\":{\"@id\":\"https:\/\/kvantovaregresnaterapia.sk\/index.php\/zasvatenie-do-sambaly\/#breadcrumb\"},\"inLanguage\":\"sk-SK\",\"potentialAction\":[{\"@type\":\"ReadAction\",\"target\":[\"https:\/\/kvantovaregresnaterapia.sk\/index.php\/zasvatenie-do-sambaly\/\"]}]},{\"@type\":\"BreadcrumbList\",\"@id\":\"https:\/\/kvantovaregresnaterapia.sk\/index.php\/zasvatenie-do-sambaly\/#breadcrumb\",\"itemListElement\":[{\"@type\":\"ListItem\",\"position\":1,\"name\":\"Home\",\"item\":\"https:\/\/kvantovaregresnaterapia.sk\/\"},{\"@type\":\"ListItem\",\"position\":2,\"name\":\"Zasv\u00e4tenie do Shambally\"}]},{\"@type\":\"WebSite\",\"@id\":\"https:\/\/kvantovaregresnaterapia.sk\/#website\",\"url\":\"https:\/\/kvantovaregresnaterapia.sk\/\",\"name\":\"Kvantov\u00e1 regresn\u00e1 terapia\",\"description\":\"Prin\u00e1\u0161am svetlo a l\u00e1sku\",\"publisher\":{\"@id\":\"https:\/\/kvantovaregresnaterapia.sk\/#organization\"},\"potentialAction\":[{\"@type\":\"SearchAction\",\"target\":{\"@type\":\"EntryPoint\",\"urlTemplate\":\"https:\/\/kvantovaregresnaterapia.sk\/?s={search_term_string}\"},\"query-input\":{\"@type\":\"PropertyValueSpecification\",\"valueRequired\":true,\"valueName\":\"search_term_string\"}}],\"inLanguage\":\"sk-SK\"},{\"@type\":\"Organization\",\"@id\":\"https:\/\/kvantovaregresnaterapia.sk\/#organization\",\"name\":\"Blanka Radim\u00e1kov\u00e1\",\"alternateName\":\"regresn\u00fd terapeut a hypnoterapeut\",\"url\":\"https:\/\/kvantovaregresnaterapia.sk\/\",\"logo\":{\"@type\":\"ImageObject\",\"inLanguage\":\"sk-SK\",\"@id\":\"https:\/\/kvantovaregresnaterapia.sk\/#\/schema\/logo\/image\/\",\"url\":\"\",\"contentUrl\":\"\",\"caption\":\"Blanka Radim\u00e1kov\u00e1\"},\"image\":{\"@id\":\"https:\/\/kvantovaregresnaterapia.sk\/#\/schema\/logo\/image\/\"},\"sameAs\":[\"https:\/\/www.facebook.com\/kvantovaregresnaterapia\",\"https:\/\/www.instagram.com\/kvantovaterapia\/\"]}]}<\/script>\n<!-- \/ Yoast SEO plugin. -->","yoast_head_json":{"title":"Zasv\u00e4tenie do Shambally - Kvantov\u00e1 regresn\u00e1 terapia","robots":{"index":"index","follow":"follow","max-snippet":"max-snippet:-1","max-image-preview":"max-image-preview:large","max-video-preview":"max-video-preview:-1"},"canonical":"https:\/\/kvantovaregresnaterapia.sk\/index.php\/zasvatenie-do-sambaly\/","og_locale":"sk_SK","og_type":"article","og_title":"Zasv\u00e4tenie do Shambally - Kvantov\u00e1 regresn\u00e1 terapia","og_description":"ZASV\u00c4TENIE DO SHAMBALLYShamballa je pomenovanie druhu energie (podobne ako Reiky). Ide o ove\u013ea silnej\u0161iu energiu aktu\u00e1lnu pre vzostup do 5D, ktor\u00e1 n\u00e1m bola spr\u00edstupnen\u00e1, bytos\u0165ami svetla ako lie\u010debn\u00fd syst\u00e9m z duchovn\u00e9ho mesta Shamballa. Energetick\u00fd syst\u00e9m sa sklad\u00e1 zo symbolov, ktor\u00e9 sa prostredn\u00edctvom biopo\u013ea odovzd\u00e1vaj\u00faceho pren\u00e1\u0161aj\u00fa do biopo\u013ea prij\u00edmaj\u00faceho. Shamballa bola odovzdan\u00e1 z vy\u0161\u0161ieho vedomia, vibruje [&hellip;]","og_url":"https:\/\/kvantovaregresnaterapia.sk\/index.php\/zasvatenie-do-sambaly\/","og_site_name":"Kvantov\u00e1 regresn\u00e1 terapia","article_publisher":"https:\/\/www.facebook.com\/kvantovaregresnaterapia","article_modified_time":"2024-05-15T11:24:02+00:00","og_image":[{"width":1640,"height":924,"url":"https:\/\/kvantovaregresnaterapia.sk\/wp-content\/uploads\/2022\/12\/format_pozadie_FB.jpg","type":"image\/jpeg"}],"twitter_card":"summary_large_image","schema":{"@context":"https:\/\/schema.org","@graph":[{"@type":"WebPage","@id":"https:\/\/kvantovaregresnaterapia.sk\/index.php\/zasvatenie-do-sambaly\/","url":"https:\/\/kvantovaregresnaterapia.sk\/index.php\/zasvatenie-do-sambaly\/","name":"Zasv\u00e4tenie do Shambally - Kvantov\u00e1 regresn\u00e1 terapia","isPartOf":{"@id":"https:\/\/kvantovaregresnaterapia.sk\/#website"},"datePublished":"2022-12-18T14:04:59+00:00","dateModified":"2024-05-15T11:24:02+00:00","breadcrumb":{"@id":"https:\/\/kvantovaregresnaterapia.sk\/index.php\/zasvatenie-do-sambaly\/#breadcrumb"},"inLanguage":"sk-SK","potentialAction":[{"@type":"ReadAction","target":["https:\/\/kvantovaregresnaterapia.sk\/index.php\/zasvatenie-do-sambaly\/"]}]},{"@type":"BreadcrumbList","@id":"https:\/\/kvantovaregresnaterapia.sk\/index.php\/zasvatenie-do-sambaly\/#breadcrumb","itemListElement":[{"@type":"ListItem","position":1,"name":"Home","item":"https:\/\/kvantovaregresnaterapia.sk\/"},{"@type":"ListItem","position":2,"name":"Zasv\u00e4tenie do Shambally"}]},{"@type":"WebSite","@id":"https:\/\/kvantovaregresnaterapia.sk\/#website","url":"https:\/\/kvantovaregresnaterapia.sk\/","name":"Kvantov\u00e1 regresn\u00e1 terapia","description":"Prin\u00e1\u0161am svetlo a l\u00e1sku","publisher":{"@id":"https:\/\/kvantovaregresnaterapia.sk\/#organization"},"potentialAction":[{"@type":"SearchAction","target":{"@type":"EntryPoint","urlTemplate":"https:\/\/kvantovaregresnaterapia.sk\/?s={search_term_string}"},"query-input":{"@type":"PropertyValueSpecification","valueRequired":true,"valueName":"search_term_string"}}],"inLanguage":"sk-SK"},{"@type":"Organization","@id":"https:\/\/kvantovaregresnaterapia.sk\/#organization","name":"Blanka Radim\u00e1kov\u00e1","alternateName":"regresn\u00fd terapeut a hypnoterapeut","url":"https:\/\/kvantovaregresnaterapia.sk\/","logo":{"@type":"ImageObject","inLanguage":"sk-SK","@id":"https:\/\/kvantovaregresnaterapia.sk\/#\/schema\/logo\/image\/","url":"","contentUrl":"","caption":"Blanka Radim\u00e1kov\u00e1"},"image":{"@id":"https:\/\/kvantovaregresnaterapia.sk\/#\/schema\/logo\/image\/"},"sameAs":["https:\/\/www.facebook.com\/kvantovaregresnaterapia","https:\/\/www.instagram.com\/kvantovaterapia\/"]}]}},"_links":{"self":[{"href":"https:\/\/kvantovaregresnaterapia.sk\/index.php\/wp-json\/wp\/v2\/pages\/1901"}],"collection":[{"href":"https:\/\/kvantovaregresnaterapia.sk\/index.php\/wp-json\/wp\/v2\/pages"}],"about":[{"href":"https:\/\/kvantovaregresnaterapia.sk\/index.php\/wp-json\/wp\/v2\/types\/page"}],"author":[{"embeddable":true,"href":"https:\/\/kvantovaregresnaterapia.sk\/index.php\/wp-json\/wp\/v2\/users\/2"}],"replies":[{"embeddable":true,"href":"https:\/\/kvantovaregresnaterapia.sk\/index.php\/wp-json\/wp\/v2\/comments?post=1901"}],"version-history":[{"count":6,"href":"https:\/\/kvantovaregresnaterapia.sk\/index.php\/wp-json\/wp\/v2\/pages\/1901\/revisions"}],"predecessor-version":[{"id":3049,"href":"https:\/\/kvantovaregresnaterapia.sk\/index.php\/wp-json\/wp\/v2\/pages\/1901\/revisions\/3049"}],"wp:attachment":[{"href":"https:\/\/kvantovaregresnaterapia.sk\/index.php\/wp-json\/wp\/v2\/media?parent=1901"}],"curies":[{"name":"wp","href":"https:\/\/api.w.org\/{rel}","templated":true}]}}