{"id":1835,"date":"2022-12-21T11:30:37","date_gmt":"2022-12-21T10:30:37","guid":{"rendered":"https:\/\/kvantovaregresnaterapia.sk\/?page_id=1835"},"modified":"2024-05-15T12:38:59","modified_gmt":"2024-05-15T10:38:59","slug":"hypnoza","status":"publish","type":"page","link":"https:\/\/kvantovaregresnaterapia.sk\/index.php\/hypnoza\/","title":{"rendered":"Hypn\u00f3za"},"content":{"rendered":"<p>[et_pb_section fb_built=&#8220;1&#8243; _builder_version=&#8220;4.19.4&#8243; _module_preset=&#8220;default&#8220; background_image=&#8220;https:\/\/kvantovaregresnaterapia.sk\/wp-content\/uploads\/2022\/12\/17-2-1.jpg&#8220; parallax=&#8220;on&#8220; custom_margin=&#8220;0px||||false|false&#8220; custom_padding=&#8220;0px||70px||false|false&#8220; top_divider_style=&#8220;arrow3&#8243; top_divider_color=&#8220;rgba(255,255,255,0.3)&#8220; top_divider_height=&#8220;100%&#8220; top_divider_repeat=&#8220;2x&#8220; top_divider_arrangement=&#8220;above_content&#8220; bottom_divider_style=&#8220;none&#8220; bottom_divider_color=&#8220;RGBA(0,0,0,0.25)&#8220; bottom_divider_height=&#8220;500px&#8220; global_colors_info=&#8220;{}&#8220;][et_pb_row _builder_version=&#8220;4.19.2&#8243; _module_preset=&#8220;default&#8220; global_colors_info=&#8220;{}&#8220;][et_pb_column type=&#8220;4_4&#8243; _builder_version=&#8220;4.18.0&#8243; _module_preset=&#8220;default&#8220; global_colors_info=&#8220;{}&#8220;][et_pb_text _builder_version=&#8220;4.19.4&#8243; _module_preset=&#8220;default&#8220; text_font=&#8220;Yeseva One||||||||&#8220; text_text_color=&#8220;#111147&#8243; text_font_size=&#8220;60px&#8220; text_letter_spacing=&#8220;2px&#8220; text_line_height=&#8220;1.5em&#8220; custom_margin=&#8220;250px||150px||false|false&#8220; global_colors_info=&#8220;{}&#8220;]<\/p>\n<p style=\"text-align: center;\">HYPN\u00d3ZA<\/p>\n<p>[\/et_pb_text][\/et_pb_column][\/et_pb_row][\/et_pb_section][et_pb_section fb_built=&#8220;1&#8243; admin_label=&#8220;About Us&#8220; _builder_version=&#8220;4.19.2&#8243; _module_preset=&#8220;default&#8220; use_background_color_gradient=&#8220;on&#8220; background_color_gradient_stops=&#8220;#ffffff 0%|#ffffff 75%&#8220; background_image=&#8220;https:\/\/kvantovaregresnaterapia.sk\/wp-content\/uploads\/2022\/11\/3-2-scaled.jpg&#8220; custom_padding=&#8220;40px|0px|40px|0px|true|false&#8220; locked=&#8220;off&#8220; global_colors_info=&#8220;{}&#8220;][et_pb_row column_structure=&#8220;1_4,3_4&#8243; _builder_version=&#8220;4.18.0&#8243; _module_preset=&#8220;default&#8220; custom_padding=&#8220;0px|20px||15px|false|false&#8220; global_colors_info=&#8220;{}&#8220;][et_pb_column type=&#8220;1_4&#8243; _builder_version=&#8220;4.18.0&#8243; _module_preset=&#8220;default&#8220; global_colors_info=&#8220;{}&#8220;][et_pb_image src=&#8220;https:\/\/kvantovaregresnaterapia.sk\/wp-content\/uploads\/2022\/12\/67.jpg&#8220; title_text=&#8220;67&#8243; _builder_version=&#8220;4.19.4&#8243; _module_preset=&#8220;default&#8220; custom_margin=&#8220;0px||||false|false&#8220; global_colors_info=&#8220;{}&#8220;][\/et_pb_image][\/et_pb_column][et_pb_column type=&#8220;3_4&#8243; _builder_version=&#8220;4.18.0&#8243; _module_preset=&#8220;default&#8220; global_colors_info=&#8220;{}&#8220;][et_pb_text _builder_version=&#8220;4.19.4&#8243; _module_preset=&#8220;default&#8220; text_font=&#8220;Karla||||||||&#8220; text_orientation=&#8220;justified&#8220; custom_margin=&#8220;8px||||false|false&#8220; custom_padding=&#8220;0px|10px||15px|false|false&#8220; global_colors_info=&#8220;{}&#8220;]<\/p>\n<header class=\"entry-header\" aria-label=\"Content\">Som terapeut zaoberaj\u00faci sa hypn\u00f3zou a zmenou va\u0161ich nastaven\u00ed a programov\u00a0 mysle. Hypn\u00f3za je stav vedomia, ktor\u00fd je \u00faplne bezpe\u010dn\u00fd a v\u0161etci ho dobre pozn\u00e1me. Je to stav pre n\u00e1s ve\u013emi pr\u00edjemn\u00fd. Ocit\u00e1me sa v \u0148om tesne pred sp\u00e1nkom. Je zo \u010das zn\u00ed\u017een\u00e9ho vn\u00edmania okolia, stav maxim\u00e1lneho uvo\u013enenia tela a na\u0161ej mysle.<\/p>\n<p>Ako terapeut pracujem s nevedomou \u00farov\u0148ou va\u0161ej mysle. Pri uv\u00e1dzan\u00ed do \u00a0hypnotick\u00e9ho stavu &#8211; tranzu m\u00f4\u017eete le\u017ea\u0165 s\u00a0prekryt\u00fdmi o\u010dami. Prirodzene v\u00e1s viem navies\u0165 k uvo\u013eneniu a\u017e sp\u00e1nku. Preferujem\u00a0 vykon\u00e1vanie hypnoterapie v\u00a0sede, kedy je komunik\u00e1cia prostredn\u00edctvom re\u010di v\u00e1\u0161ho tela prirodzenej\u0161ia.<\/p>\n<p>Tvrdenie, \u017ee \u010dlovek v hypn\u00f3ze si n\u00e1sledne ni\u010d nepam\u00e4t\u00e1, sa nezaklad\u00e1 na pravde. Aj \u010fal\u0161ie tvrdenia, \u017ee nevn\u00edma alebo \u00a0nepo\u010duje hlas hypnotiz\u00e9ra, \u017ee je \u00faplne v jeho podru\u010d\u00ed a manipulovate\u013en\u00fd je m\u00fdtus (alebo slov\u00e1 \u2013 nie je pravdiv\u00e9).\u00a0 V podvedom\u00ed ka\u017ed\u00e9ho \u010dloveka je nastaven\u00e1 prirodzen\u00e1 ochrana a nikto v\u00e1s nedon\u00fati, a to ani hypn\u00f3zou, k nie\u010domu, \u010do vy nechcete a nepova\u017eujete pre seba za prospe\u0161n\u00e9. Pri pr\u00e1ci m\u00e1m v\u017edy na zreteli va\u0161e rozhodnutie.<\/p>\n<p>Hypn\u00f3za je teda \u00faplne bezpe\u010dn\u00fd stav. S va\u0161\u00edm dovolen\u00edm vykon\u00e1vam opravu od obmedzuj\u00facich sugesci\u00ed, nefunk\u010dn\u00fdch alebo zle nastaven\u00fdch programov, a to tak aby bol, v\u00e1\u0161 \u017eivot pr\u00edjemnej\u0161\u00ed, pohodlnej\u0161\u00ed, \u013eah\u0161\u00ed, aby ste sa mohli zbavi\u0165 va\u0161ich zlozvykov a n\u00e1vykov. Stav hypn\u00f3zy sl\u00fa\u017ei iba ako k\u013e\u00fa\u010d k vstupu do v\u00e1\u0161ho podvedomia.<\/p>\n<\/header>\n<p>[\/et_pb_text][\/et_pb_column][\/et_pb_row][et_pb_row column_structure=&#8220;1_4,1_2,1_4&#8243; _builder_version=&#8220;4.19.4&#8243; _module_preset=&#8220;default&#8220; custom_margin=&#8220;0px||31px||false|false&#8220; custom_padding=&#8220;15px|0px|15px||true|false&#8220; global_colors_info=&#8220;{}&#8220;][et_pb_column type=&#8220;1_4&#8243; _builder_version=&#8220;4.19.4&#8243; _module_preset=&#8220;default&#8220; custom_padding=&#8220;|||&#8220; global_colors_info=&#8220;{}&#8220; custom_padding__hover=&#8220;|||&#8220;][\/et_pb_column][et_pb_column type=&#8220;1_2&#8243; _builder_version=&#8220;4.19.4&#8243; _module_preset=&#8220;default&#8220; custom_padding=&#8220;|||&#8220; global_colors_info=&#8220;{}&#8220; custom_padding__hover=&#8220;|||&#8220;][et_pb_button button_url=&#8220;https:\/\/kvantovaregresnaterapia.sk\/index.php\/co-ponukam\/#dohodnutie_terminu&#8220; button_text=&#8220;Dohodnite si term\u00edn&#8220; button_alignment=&#8220;right&#8220; _builder_version=&#8220;4.25.1&#8243; custom_button=&#8220;on&#8220; button_text_size=&#8220;13px&#8220; button_text_color=&#8220;#111147&#8243; button_border_width=&#8220;2px&#8220; button_border_color=&#8220;#111147&#8243; button_border_radius=&#8220;3px&#8220; button_letter_spacing=&#8220;3px&#8220; button_font=&#8220;Karla|800||on|||||&#8220; custom_margin=&#8220;|0px|||false|false&#8220; custom_padding=&#8220;7px|50px|7px|50px|true|true&#8220; hover_enabled=&#8220;0&#8243; button_text_color_hover=&#8220;#ffffff&#8220; button_bg_color_hover=&#8220;#c4beb9&#8243; locked=&#8220;off&#8220; global_colors_info=&#8220;{}&#8220; button_text_size__hover_enabled=&#8220;off&#8220; button_one_text_size__hover_enabled=&#8220;off&#8220; button_two_text_size__hover_enabled=&#8220;off&#8220; button_text_color__hover_enabled=&#8220;on&#8220; button_text_color__hover=&#8220;#ffffff&#8220; button_one_text_color__hover_enabled=&#8220;off&#8220; button_two_text_color__hover_enabled=&#8220;off&#8220; button_border_width__hover_enabled=&#8220;off&#8220; button_one_border_width__hover_enabled=&#8220;off&#8220; button_two_border_width__hover_enabled=&#8220;off&#8220; button_border_color__hover_enabled=&#8220;off&#8220; button_one_border_color__hover_enabled=&#8220;off&#8220; button_two_border_color__hover_enabled=&#8220;off&#8220; button_border_radius__hover_enabled=&#8220;off&#8220; button_one_border_radius__hover_enabled=&#8220;off&#8220; button_two_border_radius__hover_enabled=&#8220;off&#8220; button_letter_spacing__hover_enabled=&#8220;off&#8220; button_one_letter_spacing__hover_enabled=&#8220;off&#8220; button_two_letter_spacing__hover_enabled=&#8220;off&#8220; button_bg_color__hover_enabled=&#8220;on&#8220; button_bg_color__hover=&#8220;#c4beb9&#8243; button_one_bg_color__hover_enabled=&#8220;off&#8220; button_two_bg_color__hover_enabled=&#8220;off&#8220; sticky_enabled=&#8220;0&#8243;]&nbsp;<br \/>\n[\/et_pb_button][\/et_pb_column][et_pb_column type=&#8220;1_4&#8243; _builder_version=&#8220;4.19.4&#8243; _module_preset=&#8220;default&#8220; custom_padding=&#8220;|||&#8220; global_colors_info=&#8220;{}&#8220; custom_padding__hover=&#8220;|||&#8220;][et_pb_text _builder_version=&#8220;4.19.4&#8243; _module_preset=&#8220;default&#8220; text_font=&#8220;Karla|800||on|||||&#8220; text_text_color=&#8220;#111147&#8243; text_font_size=&#8220;13px&#8220; text_letter_spacing=&#8220;1px&#8220; text_orientation=&#8220;center&#8220; custom_padding=&#8220;7px|30px|7px|30px|true|true&#8220; border_radii=&#8220;on|3px|3px|3px|3px&#8220; border_width_all=&#8220;2px&#8220; border_color_all=&#8220;#111147&#8243; box_shadow_style=&#8220;preset2&#8243; global_colors_info=&#8220;{}&#8220;]<\/p>\n<p>Cena 60 \u20ac\u00a0<\/p>\n<p>[\/et_pb_text][\/et_pb_column][\/et_pb_row][\/et_pb_section]<\/p>\n<span class=\"et_bloom_bottom_trigger\"><\/span>","protected":false},"excerpt":{"rendered":"<p>HYPN\u00d3ZASom terapeut zaoberaj\u00faci sa hypn\u00f3zou a zmenou va\u0161ich nastaven\u00ed a programov\u00a0 mysle. Hypn\u00f3za je stav vedomia, ktor\u00fd je \u00faplne bezpe\u010dn\u00fd a v\u0161etci ho dobre pozn\u00e1me. Je to stav pre n\u00e1s ve\u013emi pr\u00edjemn\u00fd. Ocit\u00e1me sa v \u0148om tesne pred sp\u00e1nkom. Je zo \u010das zn\u00ed\u017een\u00e9ho vn\u00edmania okolia, stav maxim\u00e1lneho uvo\u013enenia tela a na\u0161ej mysle. Ako terapeut pracujem [&hellip;]<\/p>\n","protected":false},"author":2,"featured_media":0,"parent":0,"menu_order":0,"comment_status":"closed","ping_status":"closed","template":"","meta":{"_et_pb_use_builder":"on","_et_pb_old_content":"","_et_gb_content_width":"","_monsterinsights_skip_tracking":false,"_monsterinsights_sitenote_active":false,"_monsterinsights_sitenote_note":"","_monsterinsights_sitenote_category":0,"footnotes":""},"yoast_head":"<!-- This site is optimized with the Yoast SEO plugin v24.5 - https:\/\/yoast.com\/wordpress\/plugins\/seo\/ -->\n<title>Hypn\u00f3za - Kvantov\u00e1 regresn\u00e1 terapia<\/title>\n<meta name=\"robots\" content=\"index, follow, max-snippet:-1, max-image-preview:large, max-video-preview:-1\" \/>\n<link rel=\"canonical\" href=\"https:\/\/kvantovaregresnaterapia.sk\/index.php\/hypnoza\/\" \/>\n<meta property=\"og:locale\" content=\"sk_SK\" \/>\n<meta property=\"og:type\" content=\"article\" \/>\n<meta property=\"og:title\" content=\"Hypn\u00f3za - Kvantov\u00e1 regresn\u00e1 terapia\" \/>\n<meta property=\"og:description\" content=\"HYPN\u00d3ZASom terapeut zaoberaj\u00faci sa hypn\u00f3zou a zmenou va\u0161ich nastaven\u00ed a programov\u00a0 mysle. Hypn\u00f3za je stav vedomia, ktor\u00fd je \u00faplne bezpe\u010dn\u00fd a v\u0161etci ho dobre pozn\u00e1me. Je to stav pre n\u00e1s ve\u013emi pr\u00edjemn\u00fd. Ocit\u00e1me sa v \u0148om tesne pred sp\u00e1nkom. Je zo \u010das zn\u00ed\u017een\u00e9ho vn\u00edmania okolia, stav maxim\u00e1lneho uvo\u013enenia tela a na\u0161ej mysle. Ako terapeut pracujem [&hellip;]\" \/>\n<meta property=\"og:url\" content=\"https:\/\/kvantovaregresnaterapia.sk\/index.php\/hypnoza\/\" \/>\n<meta property=\"og:site_name\" content=\"Kvantov\u00e1 regresn\u00e1 terapia\" \/>\n<meta property=\"article:publisher\" content=\"https:\/\/www.facebook.com\/kvantovaregresnaterapia\" \/>\n<meta property=\"article:modified_time\" content=\"2024-05-15T10:38:59+00:00\" \/>\n<meta property=\"og:image\" content=\"https:\/\/kvantovaregresnaterapia.sk\/wp-content\/uploads\/2022\/12\/format_pozadie_FB.jpg\" \/>\n\t<meta property=\"og:image:width\" content=\"1640\" \/>\n\t<meta property=\"og:image:height\" content=\"924\" \/>\n\t<meta property=\"og:image:type\" content=\"image\/jpeg\" \/>\n<meta name=\"twitter:card\" content=\"summary_large_image\" \/>\n<meta name=\"twitter:label1\" content=\"Predpokladan\u00fd \u010das \u010d\u00edtania\" \/>\n\t<meta name=\"twitter:data1\" content=\"3 min\u00faty\" \/>\n<script type=\"application\/ld+json\" class=\"yoast-schema-graph\">{\"@context\":\"https:\/\/schema.org\",\"@graph\":[{\"@type\":\"WebPage\",\"@id\":\"https:\/\/kvantovaregresnaterapia.sk\/index.php\/hypnoza\/\",\"url\":\"https:\/\/kvantovaregresnaterapia.sk\/index.php\/hypnoza\/\",\"name\":\"Hypn\u00f3za - Kvantov\u00e1 regresn\u00e1 terapia\",\"isPartOf\":{\"@id\":\"https:\/\/kvantovaregresnaterapia.sk\/#website\"},\"datePublished\":\"2022-12-21T10:30:37+00:00\",\"dateModified\":\"2024-05-15T10:38:59+00:00\",\"breadcrumb\":{\"@id\":\"https:\/\/kvantovaregresnaterapia.sk\/index.php\/hypnoza\/#breadcrumb\"},\"inLanguage\":\"sk-SK\",\"potentialAction\":[{\"@type\":\"ReadAction\",\"target\":[\"https:\/\/kvantovaregresnaterapia.sk\/index.php\/hypnoza\/\"]}]},{\"@type\":\"BreadcrumbList\",\"@id\":\"https:\/\/kvantovaregresnaterapia.sk\/index.php\/hypnoza\/#breadcrumb\",\"itemListElement\":[{\"@type\":\"ListItem\",\"position\":1,\"name\":\"Home\",\"item\":\"https:\/\/kvantovaregresnaterapia.sk\/\"},{\"@type\":\"ListItem\",\"position\":2,\"name\":\"Hypn\u00f3za\"}]},{\"@type\":\"WebSite\",\"@id\":\"https:\/\/kvantovaregresnaterapia.sk\/#website\",\"url\":\"https:\/\/kvantovaregresnaterapia.sk\/\",\"name\":\"Kvantov\u00e1 regresn\u00e1 terapia\",\"description\":\"Prin\u00e1\u0161am svetlo a l\u00e1sku\",\"publisher\":{\"@id\":\"https:\/\/kvantovaregresnaterapia.sk\/#organization\"},\"potentialAction\":[{\"@type\":\"SearchAction\",\"target\":{\"@type\":\"EntryPoint\",\"urlTemplate\":\"https:\/\/kvantovaregresnaterapia.sk\/?s={search_term_string}\"},\"query-input\":{\"@type\":\"PropertyValueSpecification\",\"valueRequired\":true,\"valueName\":\"search_term_string\"}}],\"inLanguage\":\"sk-SK\"},{\"@type\":\"Organization\",\"@id\":\"https:\/\/kvantovaregresnaterapia.sk\/#organization\",\"name\":\"Blanka Radim\u00e1kov\u00e1\",\"alternateName\":\"regresn\u00fd terapeut a hypnoterapeut\",\"url\":\"https:\/\/kvantovaregresnaterapia.sk\/\",\"logo\":{\"@type\":\"ImageObject\",\"inLanguage\":\"sk-SK\",\"@id\":\"https:\/\/kvantovaregresnaterapia.sk\/#\/schema\/logo\/image\/\",\"url\":\"\",\"contentUrl\":\"\",\"caption\":\"Blanka Radim\u00e1kov\u00e1\"},\"image\":{\"@id\":\"https:\/\/kvantovaregresnaterapia.sk\/#\/schema\/logo\/image\/\"},\"sameAs\":[\"https:\/\/www.facebook.com\/kvantovaregresnaterapia\",\"https:\/\/www.instagram.com\/kvantovaterapia\/\"]}]}<\/script>\n<!-- \/ Yoast SEO plugin. -->","yoast_head_json":{"title":"Hypn\u00f3za - Kvantov\u00e1 regresn\u00e1 terapia","robots":{"index":"index","follow":"follow","max-snippet":"max-snippet:-1","max-image-preview":"max-image-preview:large","max-video-preview":"max-video-preview:-1"},"canonical":"https:\/\/kvantovaregresnaterapia.sk\/index.php\/hypnoza\/","og_locale":"sk_SK","og_type":"article","og_title":"Hypn\u00f3za - Kvantov\u00e1 regresn\u00e1 terapia","og_description":"HYPN\u00d3ZASom terapeut zaoberaj\u00faci sa hypn\u00f3zou a zmenou va\u0161ich nastaven\u00ed a programov\u00a0 mysle. Hypn\u00f3za je stav vedomia, ktor\u00fd je \u00faplne bezpe\u010dn\u00fd a v\u0161etci ho dobre pozn\u00e1me. Je to stav pre n\u00e1s ve\u013emi pr\u00edjemn\u00fd. Ocit\u00e1me sa v \u0148om tesne pred sp\u00e1nkom. Je zo \u010das zn\u00ed\u017een\u00e9ho vn\u00edmania okolia, stav maxim\u00e1lneho uvo\u013enenia tela a na\u0161ej mysle. Ako terapeut pracujem [&hellip;]","og_url":"https:\/\/kvantovaregresnaterapia.sk\/index.php\/hypnoza\/","og_site_name":"Kvantov\u00e1 regresn\u00e1 terapia","article_publisher":"https:\/\/www.facebook.com\/kvantovaregresnaterapia","article_modified_time":"2024-05-15T10:38:59+00:00","og_image":[{"width":1640,"height":924,"url":"https:\/\/kvantovaregresnaterapia.sk\/wp-content\/uploads\/2022\/12\/format_pozadie_FB.jpg","type":"image\/jpeg"}],"twitter_card":"summary_large_image","twitter_misc":{"Predpokladan\u00fd \u010das \u010d\u00edtania":"3 min\u00faty"},"schema":{"@context":"https:\/\/schema.org","@graph":[{"@type":"WebPage","@id":"https:\/\/kvantovaregresnaterapia.sk\/index.php\/hypnoza\/","url":"https:\/\/kvantovaregresnaterapia.sk\/index.php\/hypnoza\/","name":"Hypn\u00f3za - Kvantov\u00e1 regresn\u00e1 terapia","isPartOf":{"@id":"https:\/\/kvantovaregresnaterapia.sk\/#website"},"datePublished":"2022-12-21T10:30:37+00:00","dateModified":"2024-05-15T10:38:59+00:00","breadcrumb":{"@id":"https:\/\/kvantovaregresnaterapia.sk\/index.php\/hypnoza\/#breadcrumb"},"inLanguage":"sk-SK","potentialAction":[{"@type":"ReadAction","target":["https:\/\/kvantovaregresnaterapia.sk\/index.php\/hypnoza\/"]}]},{"@type":"BreadcrumbList","@id":"https:\/\/kvantovaregresnaterapia.sk\/index.php\/hypnoza\/#breadcrumb","itemListElement":[{"@type":"ListItem","position":1,"name":"Home","item":"https:\/\/kvantovaregresnaterapia.sk\/"},{"@type":"ListItem","position":2,"name":"Hypn\u00f3za"}]},{"@type":"WebSite","@id":"https:\/\/kvantovaregresnaterapia.sk\/#website","url":"https:\/\/kvantovaregresnaterapia.sk\/","name":"Kvantov\u00e1 regresn\u00e1 terapia","description":"Prin\u00e1\u0161am svetlo a l\u00e1sku","publisher":{"@id":"https:\/\/kvantovaregresnaterapia.sk\/#organization"},"potentialAction":[{"@type":"SearchAction","target":{"@type":"EntryPoint","urlTemplate":"https:\/\/kvantovaregresnaterapia.sk\/?s={search_term_string}"},"query-input":{"@type":"PropertyValueSpecification","valueRequired":true,"valueName":"search_term_string"}}],"inLanguage":"sk-SK"},{"@type":"Organization","@id":"https:\/\/kvantovaregresnaterapia.sk\/#organization","name":"Blanka Radim\u00e1kov\u00e1","alternateName":"regresn\u00fd terapeut a hypnoterapeut","url":"https:\/\/kvantovaregresnaterapia.sk\/","logo":{"@type":"ImageObject","inLanguage":"sk-SK","@id":"https:\/\/kvantovaregresnaterapia.sk\/#\/schema\/logo\/image\/","url":"","contentUrl":"","caption":"Blanka Radim\u00e1kov\u00e1"},"image":{"@id":"https:\/\/kvantovaregresnaterapia.sk\/#\/schema\/logo\/image\/"},"sameAs":["https:\/\/www.facebook.com\/kvantovaregresnaterapia","https:\/\/www.instagram.com\/kvantovaterapia\/"]}]}},"_links":{"self":[{"href":"https:\/\/kvantovaregresnaterapia.sk\/index.php\/wp-json\/wp\/v2\/pages\/1835"}],"collection":[{"href":"https:\/\/kvantovaregresnaterapia.sk\/index.php\/wp-json\/wp\/v2\/pages"}],"about":[{"href":"https:\/\/kvantovaregresnaterapia.sk\/index.php\/wp-json\/wp\/v2\/types\/page"}],"author":[{"embeddable":true,"href":"https:\/\/kvantovaregresnaterapia.sk\/index.php\/wp-json\/wp\/v2\/users\/2"}],"replies":[{"embeddable":true,"href":"https:\/\/kvantovaregresnaterapia.sk\/index.php\/wp-json\/wp\/v2\/comments?post=1835"}],"version-history":[{"count":6,"href":"https:\/\/kvantovaregresnaterapia.sk\/index.php\/wp-json\/wp\/v2\/pages\/1835\/revisions"}],"predecessor-version":[{"id":3023,"href":"https:\/\/kvantovaregresnaterapia.sk\/index.php\/wp-json\/wp\/v2\/pages\/1835\/revisions\/3023"}],"wp:attachment":[{"href":"https:\/\/kvantovaregresnaterapia.sk\/index.php\/wp-json\/wp\/v2\/media?parent=1835"}],"curies":[{"name":"wp","href":"https:\/\/api.w.org\/{rel}","templated":true}]}}